{"id":18452,"date":"2018-10-17T12:47:01","date_gmt":"2018-10-17T10:47:01","guid":{"rendered":"https:\/\/troekes.com\/danksagung-partner\/"},"modified":"2026-03-20T16:27:00","modified_gmt":"2026-03-20T15:27:00","slug":"thanksgiving-partner","status":"publish","type":"page","link":"https:\/\/troekes.com\/en\/thanksgiving-partner\/","title":{"rendered":"Credits \/ partner"},"content":{"rendered":"<div class=\"wpb-content-wrapper\"><p>[vc_row unlock_row_content=&#8221;yes&#8221; row_height_percent=&#8221;0&#8243; override_padding=&#8221;yes&#8221; h_padding=&#8221;4&#8243; top_padding=&#8221;3&#8243; bottom_padding=&#8221;3&#8243; overlay_alpha=&#8221;50&#8243; gutter_size=&#8221;3&#8243; column_width_percent=&#8221;100&#8243; shift_y=&#8221;0&#8243; z_index=&#8221;0&#8243;][vc_column width=&#8221;5\/6&#8243;][vc_custom_heading heading_semantic=&#8221;h1&#8243; text_size=&#8221;h3&#8243;]Credits \/ partner[\/vc_custom_heading][vc_column_text]<span class=\"s1\">I would like to thank Dr Markus Krause for the friendly consultation provided over many years, as well as Peter Raue, who always supported the Tr\u00f6kes family with consultation in legal matters. My thanks go to Tobias Heldt for his advice regarding photos and illustrations. I thank Dr Dorothea Sch\u00f6ne for the texts, as well as Janos Frecot and the archive of the Akademie der K\u00fcnste [Academy of Arts], Berlin and the Staatliche Museen zu Berlin, Preussischer Kulturbesitz [Prussian Cultural Heritage Foundation]. I would also like to thank the <strong><a href=\"http:\/\/www.t-ps.de\" target=\"_blank\" rel=\"noopener noreferrer\">B\u00dcRO SCHOLZ<\/a><\/strong><\/span><span class=\"s1\"> for consultation, Sven Sch\u00f6nauer from <strong><a href=\"https:\/\/www.recom-art.de\" target=\"_blank\" rel=\"noopener noreferrer\">recom ART<\/a><\/strong><\/span><span class=\"s1\"> with Florian Mozer, Dirk Daehmelow and Michael Haase for the scans and <strong><a href=\"https:\/\/cagefish.com\" target=\"_blank\" rel=\"noopener noreferrer\">cagefish<\/a><\/strong><\/span><span class=\"s1\">\u00a0with Oliver Gresitza, Patrick Clicqu\u00e9-G\u00f6bel and Philipp Weber-Bertram for their works. Manuel Tr\u00f6kes, Berlin, October 2018. And for careful translations on english pages I would like to thank Kenneth Friend. MT, February 2020.\u00a0<\/span>Last but not least I have to thank Mr. Dik Brunow and the staff of <strong><a href=\"https:\/\/www.kulturgutscanner.de\" target=\"_blank\" rel=\"noopener noreferrer\">kulturgut|scanner<\/a><\/strong> (MIK-Center GmbH) for scanning the about 3,500 sketches out of 60 Sketchbooks for their fast and prudent work with the Art Books. M. Tr\u00f6kes, November 2020.<\/p>\n<p class=\"p1\"><span class=\"s1\">I would also like to thank the following auction houses, museums, galleries and institutions for the friendly cooperation and the provision of digital copies, as well as for their interest in the oeuvre of Heinz Tr\u00f6kes:<\/span><\/p>\n<p>[\/vc_column_text][vc_row_inner][vc_column_inner width=&#8221;1\/3&#8243;][uncode_list icon=&#8221;fa fa-minus&#8221; uncode_shortcode_id=&#8221;635285&#8243;]<\/p>\n<ul>\n<li>Ader &#8211; Nordmann &amp; Dominique Auktionen<\/li>\n<li>Antiquit\u00e4ten Metz, Heidelberg<\/li>\n<li>Auktionshaus Arnold<\/li>\n<li>Auktionshaus Dannenberg<\/li>\n<li>Auktionshaus Kiefer<\/li>\n<li>Auktionshaus Mehlis<\/li>\n<li>Auktionshaus Wiesbaden<\/li>\n<li>Bassenge Auktionen<\/li>\n<li>Behringer Auktionen<\/li>\n<li>Bolland &amp; Marotz Auktionen<\/li>\n<li>Christie\u2019s Auktionen<\/li>\n<li>Doebele Auktionen<\/li>\n<li>D\u00f6britz Auktionen<\/li>\n<li>Dr. Andreas Sturies Auktionen<\/li>\n<li>Dr. H\u00fcll \/ Dr. Eder Auktionen<\/li>\n<li>Dr. Irene Lehr Auktionen<\/li>\n<li>D\u00fcsseldorfer Auktionshaus<\/li>\n<li>Eppli Auktionen<\/li>\n<li>Franke Auktionen<\/li>\n<li>Grisebach Auktionen<\/li>\n<li>Hauswedell &amp; Nolte Auktionen<\/li>\n<li>Historia Auktionen<\/li>\n<li>Jeschke Van Vliet Auktionen<\/li>\n<li>Karbstein Auktionen<\/li>\n<li>Karl &amp; Faber Auktionen<\/li>\n<li>Karrenbauer Auktionen<\/li>\n<li>Kastern Auktionen<\/li>\n<li>Ketterer Auktionen<\/li>\n<li>Kiefer Buch- und Kunstauktionen<\/li>\n<li>K &amp; K Auktionen<\/li>\n<li>Lempertz Auktionen<\/li>\n<li>Louiza Auktionen<\/li>\n<li>Nagel Auktionen<\/li>\n<li>Neumeister Auktionen<\/li>\n<li>Nosb\u00fcsch &amp; Stucke Auktionen<\/li>\n<li>Nusser Auktionen<\/li>\n<li>Pl\u00fcckbaum Auktionen<\/li>\n<li>Ruef Auktionen<\/li>\n<li>Quentin Auktionen<\/li>\n<li>Satow Auktionen<\/li>\n<li>Schloss Ahlden Auktionen<\/li>\n<li>Siebers Auktionen<\/li>\n<li>Spik Auktionen<\/li>\n<li>Sotheby\u2019s Auktionen<\/li>\n<li>Subastas Segre, Madrid<\/li>\n<li>Van Ham Auktionen<\/li>\n<li>Venator &amp; Hanstein Auktionen<\/li>\n<li>Von Zengen Auktionen<\/li>\n<li>Wettmann | Kunstauktionen<\/li>\n<li>Winterberg Auktionen<\/li>\n<\/ul>\n<p>[\/uncode_list][\/vc_column_inner][vc_column_inner width=&#8221;1\/3&#8243;][uncode_list icon=&#8221;fa fa-minus&#8221; uncode_shortcode_id=&#8221;787922&#8243;]<\/p>\n<ul>\n<li>Albertina, Wien<\/li>\n<li>Bauhaus-Universit\u00e4t, Weimar<\/li>\n<li>Bayerische Staatsgem\u00e4ldesammlungen<\/li>\n<li>Berlinische Galerie, Landesmuseum f\u00fcr Mode, Fotografie und Architektur<\/li>\n<li>Brooklyn Museum, NY, USA<\/li>\n<li>Buffalo AKG Art Museum, NY, USA<\/li>\n<li>Carnegie Museum of Art, Pittsburgh, PA, USA<\/li>\n<li>Deutsches Textilmuseum, Krefeld<\/li>\n<li>Deutsches Kunstarchiv (DKA) im Germanischen Nationalmuseum (GNM), N\u00fcrnberg<\/li>\n<li>Documenta Archiv, Kassel<\/li>\n<li>Emil Schumacher Museum, Hagen<\/li>\n<li>Franz Marc Museum<\/li>\n<li>Galerie der Stadt Esslingen<\/li>\n<li>Galerie f\u00fcr Zeitgen\u00f6ssische Kunst, Leipzig<\/li>\n<li>Germanisches Nationalmuseum (GNM), N\u00fcrnberg<\/li>\n<li>Gustav-L\u00fcbcke-Museum<\/li>\n<li>Hamburger Kunsthalle<\/li>\n<li>Harvard Art Museums\/Busch-Reisinger Museum, Cambridge, MA, USA<\/li>\n<li>Hessisches Landesmuseum Darmstadt<\/li>\n<li>Klingspor Museum<\/li>\n<li>Kunsthalle Bremen<\/li>\n<li>Kunsthalle Mannheim<\/li>\n<li>Kunsthalle zu Kiel<\/li>\n<li>Kunsthaus Z\u00fcrich<\/li>\n<li>Kunstmuseum Bochum<\/li>\n<li>Kunstmuseum Gelsenkirchen<\/li>\n<li>Kunstmuseen Krefeld<\/li>\n<li>Kunstmuseum M\u00fchlheim a.d.R.<\/li>\n<li>Kunstmuseum Reutlingen | konkret<\/li>\n<li>Kunstmuseum Stuttgart<\/li>\n<li>Kunstpalast D\u00fcsseldorf<\/li>\n<li>Kupferstich-Kabinett Dresden<\/li>\n<li>Kupferstichkabinett der Staatlichen Museen zu Berlin<\/li>\n<li>Landesmuseum Hannover<\/li>\n<li>Landesmuseum Kunst &amp; Kultur Oldenburg, Niedersachsen<\/li>\n<li>Lehmbruck Museum<\/li>\n<li>Leopold-Hoesch-Museum<\/li>\n<li>Lindenau-Museum Altenburg<\/li>\n<li>LWL, Museum f\u00fcr Kunst und Kultur, Westf\u00e4lisches Landesmuseum<\/li>\n<li>M\u00e4rkisches Museum Witten<\/li>\n<li>Museu d\u2019Art Contemporani d\u2019Eivissa (MACE)<\/li>\n<li>Museo de Arte Moderna (MAM), Rio de Janeiro, Brasilien<\/li>\n<li>Museum Abteiberg<\/li>\n<li>Museum Folkwang<\/li>\n<li>Museum Hurrle<\/li>\n<li>Museum Ludwig<\/li>\n<li>Museum Pfalzgalerie<\/li>\n<li>Museum Wiesbaden<\/li>\n<li>Museumslandschaft Hessen Kassel, Neue Galerie &amp; Graphische Sammlung<\/li>\n<li>Nationalgalerie und Neue Nationalgalerie, Staatliche Museen zu Berlin Preussischer Kulturbesitz<\/li>\n<li>Neues Museum, Weimar<\/li>\n<li>Oberhessisches Museum, Giessen<\/li>\n<li>Osthaus Museum, Hagen<\/li>\n<li>Serigrafie-Museum, Filderstadt<\/li>\n<li>Staatliche Kunstsammlungen Dresden<\/li>\n<li>Staatsgalerie Stuttgart<\/li>\n<li>St\u00e4del Museum Frankfurt a.M.<\/li>\n<li>St\u00e4dtische Galerie Wolfsburg<\/li>\n<li>St\u00e4dtische Kunstsammlungen, Kassel<\/li>\n<li>St\u00e4dtische Museen Freiburg, Museum f\u00fcr Neue Kunst<\/li>\n<li>St\u00e4dtisches Museum Braunschweig<\/li>\n<li>Sprengel Museum<\/li>\n<li>The Museum of Modern Art (MoMa), NY, USA<\/li>\n<li>Toledo Museum of Art, OH, USA<\/li>\n<li>University of Michigan Museum of Art, USA<\/li>\n<li>Von der Heydt-Museum<\/li>\n<li>Wilhelm-Hack-Museum<\/li>\n<li>Zentrum f\u00fcr Kunst und Medien (ZKM), Karlsruhe<\/li>\n<li><\/li>\n<\/ul>\n<p>[\/uncode_list][\/vc_column_inner][vc_column_inner width=&#8221;1\/3&#8243;][uncode_list icon=&#8221;fa fa-minus&#8221; uncode_shortcode_id=&#8221;153967&#8243;]<\/p>\n<ul>\n<li>Allianz AG<\/li>\n<li>Artothek des Neuen Berliner Kunstvereins (NBK)<\/li>\n<li>Artax Kunsthandel, D\u00fcsseldorf<\/li>\n<li>Ausw\u00e4rtiges Amt (BADV)<\/li>\n<li>Biennale von S\u00e3o Paulo (Historisches Archiv)<\/li>\n<li>Bundesamt f\u00fcr zentrale Dienste und offenen Verm\u00f6gensfragen (BADV)<\/li>\n<li>Bundeskanzleramt (BADV)<\/li>\n<li>Bundesministerium des Inneren (BADV)<\/li>\n<li>Bundesministerium f\u00fcr Bildung und Forschung (BADV)<\/li>\n<li>Bundespr\u00e4sidialamt, Berlin (BADV)<\/li>\n<li>Bundesrat (BADV)<\/li>\n<li>Derda Berlin<\/li>\n<li>Florian Sundheimer Kunsthandel, M\u00fcnchen<\/li>\n<li>Fritz-Winter-Haus, Ahlen<\/li>\n<li>Galerie Bremer, Berlin<\/li>\n<li>Galerie Brockstedt, Hannover, Hambug, Berlin<\/li>\n<li>Galerie Brusberg, Hannover, Berlin<\/li>\n<li>Galerie Der Spiegel, K\u00f6ln<\/li>\n<li>Galerie &amp; Edition Domberger, Filderstadt<\/li>\n<li>Galerie Heimeshoff, Essen<\/li>\n<li>Galerie Friese, Berlin<\/li>\n<li>Galerie G\u00fcnther Franke, M\u00fcnchen<\/li>\n<li>Galerie Kley, Hamm<\/li>\n<li>Galerie Lutz und Meyer, Stuttgart<\/li>\n<li>Galerie Maercklin, Stuttgart<\/li>\n<li>Galerie Dr. Martina Marschall, Bernried<\/li>\n<li>Galerie Ohse, Bremen<\/li>\n<li>Galerie Orlando, Z\u00fcrich<\/li>\n<li>Galerie Profil, Weimar<\/li>\n<li>Galerie &amp; Edition Rothe, Frankfurt a.M.<\/li>\n<li>Galerie Sch\u00fcler, Berlin<\/li>\n<li>Galerie Rudolf Springer, Berlin<\/li>\n<li>Galerie Stangl, M\u00fcnchen<\/li>\n<li>Galerie Thomas, M\u00fcnchen<\/li>\n<li>Galerie Utermann, Dortmund<\/li>\n<li>Galerie V\u00f6mel, K\u00f6ln<\/li>\n<li>Galerie Winkelmann, D\u00fcsseldorf<\/li>\n<li>Galerie Wirnitzer, Baden-Baden<\/li>\n<li>Hannover Re<\/li>\n<li>Haus der Europ\u00e4ischen Geschichte, Br\u00fcssel<\/li>\n<li>Kicken Berlin<\/li>\n<li>Klassik Stiftung Weimar<\/li>\n<li>Kommunale Galerie Berlin<\/li>\n<li>Kulturministerium D\u00fcsseldorf<\/li>\n<li>Kunsthandel J\u00f6rg Maa\u00df, Berlin<\/li>\n<li>Kunsthaus NRW Kornelim\u00fcnster<\/li>\n<li>Kunstkabinett Dr. Kliehm, M\u00fcnchen<\/li>\n<li>Kunstsammlung der Deutschen Bundesbank<\/li>\n<li>Kunstsammlung Georg-August-Universit\u00e4t G\u00f6ttingen<\/li>\n<li>Kunstsammlung des Karlsruher Instituts f\u00fcr Technologie (KIT)<\/li>\n<li>Kunstsammlung im Willy-Brandt-Haus, Berlin<\/li>\n<li>Kreissparkasse Ludwigsburg<\/li>\n<li>Landesbank Baden-W\u00fcrttemberg<\/li>\n<li>Library of Congress, Washington<\/li>\n<li>Manus Presse, Stuttgart<\/li>\n<li>MKM Museum K\u00fcppersm\u00fchle f\u00fcr Moderne Kunst, Duisburg, Sammlung Str\u00f6her<\/li>\n<li>OL\u2013art Collection, Wien<\/li>\n<li>Oldenburger Kunstverein<\/li>\n<li>Sammlung der Deutschen Bank<\/li>\n<li>Sammlung Karl Str\u00f6her, Darmstdt<\/li>\n<li>Staatliche Akademie der Bildenden K\u00fcnste Stuttgart<\/li>\n<li>Stadtsparkasse Duisburg<\/li>\n<li>Stiftung Kunstforum Berliner Volksbank<\/li>\n<li>Technische Informationsbibliothek (TIB)<br \/>\nKompetenzzentrum f\u00fcr nicht-textuelle Materialien (KNM)<\/li>\n<li>Walter Cantz, Dr. Cantz&#8217;sche Druckerei, Stuttgart<\/li>\n<li>Westdeutscher Rundfunk, K\u00f6ln<\/li>\n<li>Und den diversen privaten Sammlern und Sammlerinnen, die nicht genannt werden wollen.<\/li>\n<\/ul>\n<p>[\/uncode_list][\/vc_column_inner][\/vc_row_inner][\/vc_column][vc_column column_width_percent=&#8221;100&#8243; gutter_size=&#8221;3&#8243; back_color=&#8221;color-xsdn&#8221; overlay_alpha=&#8221;50&#8243; shift_x=&#8221;0&#8243; shift_y=&#8221;0&#8243; shift_y_down=&#8221;0&#8243; z_index=&#8221;0&#8243; medium_width=&#8221;0&#8243; mobile_width=&#8221;0&#8243; width=&#8221;1\/6&#8243;][vc_custom_heading heading_semantic=&#8221;h1&#8243; text_size=&#8221;h5&#8243;]Partner[\/vc_custom_heading][vc_single_image media=&#8221;17547&#8243; media_width_percent=&#8221;100&#8243; media_link=&#8221;url:http%3A%2F%2Fkunsthaus-dahlem.de%2F||target:%20_blank|&#8221;][vc_single_image media=&#8221;17683&#8243; media_width_percent=&#8221;100&#8243; media_link=&#8221;url:http%3A%2F%2Fderdaberlin.com||target:%20_blank|&#8221;][\/vc_column][\/vc_row]<\/p>\n<\/div>","protected":false},"excerpt":{"rendered":"<p>[vc_row unlock_row_content=&#8221;yes&#8221; row_height_percent=&#8221;0&#8243; override_padding=&#8221;yes&#8221; h_padding=&#8221;4&#8243; top_padding=&#8221;3&#8243; bottom_padding=&#8221;3&#8243; overlay_alpha=&#8221;50&#8243; gutter_size=&#8221;3&#8243; column_width_percent=&#8221;100&#8243; shift_y=&#8221;0&#8243; z_index=&#8221;0&#8243;][vc_column width=&#8221;5\/6&#8243;][vc_custom_heading heading_semantic=&#8221;h1&#8243; text_size=&#8221;h3&#8243;]Credits \/ partner[\/vc_custom_heading][vc_column_text]I would like to [&hellip;]<\/p>\n","protected":false},"author":1,"featured_media":0,"parent":0,"menu_order":0,"comment_status":"closed","ping_status":"closed","template":"","meta":{"footnotes":""},"class_list":["post-18452","page","type-page","status-publish","hentry"],"yoast_head":"<!-- This site is optimized with the Yoast SEO plugin v27.3 - https:\/\/yoast.com\/product\/yoast-seo-wordpress\/ -->\n<title>Heinz Tr\u00f6kes - Maler, Grafiker, Zeichner \u2013 Danksagung<\/title>\n<meta name=\"description\" content=\"Heinz Tr\u00f6kes, (* 15.8.1913 in Hamborn\/Duisburg, \u2020 21.4.1997 in Berlin) \u2013 Danksagung an alle, die am Werkverzeichnis mitgewirkt haben\" \/>\n<meta name=\"robots\" content=\"index, follow, max-snippet:-1, max-image-preview:large, max-video-preview:-1\" \/>\n<link rel=\"canonical\" href=\"https:\/\/troekes.com\/en\/thanksgiving-partner\/\" \/>\n<meta property=\"og:locale\" content=\"en_US\" \/>\n<meta property=\"og:type\" content=\"article\" \/>\n<meta property=\"og:title\" content=\"Heinz Tr\u00f6kes - Maler, Grafiker, Zeichner \u2013 Danksagung\" \/>\n<meta property=\"og:description\" content=\"Heinz Tr\u00f6kes, (* 15.8.1913 in Hamborn\/Duisburg, \u2020 21.4.1997 in Berlin) \u2013 Danksagung an alle, die am Werkverzeichnis mitgewirkt haben\" \/>\n<meta property=\"og:url\" content=\"https:\/\/troekes.com\/en\/thanksgiving-partner\/\" \/>\n<meta property=\"og:site_name\" content=\"Heinz Tr\u00f6kes\" \/>\n<meta property=\"article:modified_time\" content=\"2026-03-20T15:27:00+00:00\" \/>\n<meta name=\"twitter:card\" content=\"summary_large_image\" \/>\n<meta name=\"twitter:label1\" content=\"Est. reading time\" \/>\n\t<meta name=\"twitter:data1\" content=\"6 minutes\" \/>\n<script type=\"application\/ld+json\" class=\"yoast-schema-graph\">{\"@context\":\"https:\\\/\\\/schema.org\",\"@graph\":[{\"@type\":\"WebPage\",\"@id\":\"https:\\\/\\\/troekes.com\\\/en\\\/thanksgiving-partner\\\/\",\"url\":\"https:\\\/\\\/troekes.com\\\/en\\\/thanksgiving-partner\\\/\",\"name\":\"Heinz Tr\u00f6kes - Maler, Grafiker, Zeichner \u2013 Danksagung\",\"isPartOf\":{\"@id\":\"https:\\\/\\\/troekes.com\\\/#website\"},\"datePublished\":\"2018-10-17T10:47:01+00:00\",\"dateModified\":\"2026-03-20T15:27:00+00:00\",\"description\":\"Heinz Tr\u00f6kes, (* 15.8.1913 in Hamborn\\\/Duisburg, \u2020 21.4.1997 in Berlin) \u2013 Danksagung an alle, die am Werkverzeichnis mitgewirkt haben\",\"breadcrumb\":{\"@id\":\"https:\\\/\\\/troekes.com\\\/en\\\/thanksgiving-partner\\\/#breadcrumb\"},\"inLanguage\":\"en-US\",\"potentialAction\":[{\"@type\":\"ReadAction\",\"target\":[\"https:\\\/\\\/troekes.com\\\/en\\\/thanksgiving-partner\\\/\"]}]},{\"@type\":\"BreadcrumbList\",\"@id\":\"https:\\\/\\\/troekes.com\\\/en\\\/thanksgiving-partner\\\/#breadcrumb\",\"itemListElement\":[{\"@type\":\"ListItem\",\"position\":1,\"name\":\"Startseite\",\"item\":\"https:\\\/\\\/troekes.com\\\/en\\\/\"},{\"@type\":\"ListItem\",\"position\":2,\"name\":\"Credits \\\/ partner\"}]},{\"@type\":\"WebSite\",\"@id\":\"https:\\\/\\\/troekes.com\\\/#website\",\"url\":\"https:\\\/\\\/troekes.com\\\/\",\"name\":\"Heinz Tr\u00f6kes\",\"description\":\"Werkverzeichnis\",\"publisher\":{\"@id\":\"https:\\\/\\\/troekes.com\\\/#organization\"},\"potentialAction\":[{\"@type\":\"SearchAction\",\"target\":{\"@type\":\"EntryPoint\",\"urlTemplate\":\"https:\\\/\\\/troekes.com\\\/?s={search_term_string}\"},\"query-input\":{\"@type\":\"PropertyValueSpecification\",\"valueRequired\":true,\"valueName\":\"search_term_string\"}}],\"inLanguage\":\"en-US\"},{\"@type\":\"Organization\",\"@id\":\"https:\\\/\\\/troekes.com\\\/#organization\",\"name\":\"Tr\u00f6kes-Archiv\",\"url\":\"https:\\\/\\\/troekes.com\\\/\",\"logo\":{\"@type\":\"ImageObject\",\"inLanguage\":\"en-US\",\"@id\":\"https:\\\/\\\/troekes.com\\\/#\\\/schema\\\/logo\\\/image\\\/\",\"url\":\"https:\\\/\\\/troekes.com\\\/wp-content\\\/uploads\\\/2018\\\/06\\\/tr-logo-dark@2x.png\",\"contentUrl\":\"https:\\\/\\\/troekes.com\\\/wp-content\\\/uploads\\\/2018\\\/06\\\/tr-logo-dark@2x.png\",\"width\":803,\"height\":193,\"caption\":\"Tr\u00f6kes-Archiv\"},\"image\":{\"@id\":\"https:\\\/\\\/troekes.com\\\/#\\\/schema\\\/logo\\\/image\\\/\"}}]}<\/script>\n<!-- \/ Yoast SEO plugin. -->","yoast_head_json":{"title":"Heinz Tr\u00f6kes - Maler, Grafiker, Zeichner \u2013 Danksagung","description":"Heinz Tr\u00f6kes, (* 15.8.1913 in Hamborn\/Duisburg, \u2020 21.4.1997 in Berlin) \u2013 Danksagung an alle, die am Werkverzeichnis mitgewirkt haben","robots":{"index":"index","follow":"follow","max-snippet":"max-snippet:-1","max-image-preview":"max-image-preview:large","max-video-preview":"max-video-preview:-1"},"canonical":"https:\/\/troekes.com\/en\/thanksgiving-partner\/","og_locale":"en_US","og_type":"article","og_title":"Heinz Tr\u00f6kes - Maler, Grafiker, Zeichner \u2013 Danksagung","og_description":"Heinz Tr\u00f6kes, (* 15.8.1913 in Hamborn\/Duisburg, \u2020 21.4.1997 in Berlin) \u2013 Danksagung an alle, die am Werkverzeichnis mitgewirkt haben","og_url":"https:\/\/troekes.com\/en\/thanksgiving-partner\/","og_site_name":"Heinz Tr\u00f6kes","article_modified_time":"2026-03-20T15:27:00+00:00","twitter_card":"summary_large_image","twitter_misc":{"Est. reading time":"6 minutes"},"schema":{"@context":"https:\/\/schema.org","@graph":[{"@type":"WebPage","@id":"https:\/\/troekes.com\/en\/thanksgiving-partner\/","url":"https:\/\/troekes.com\/en\/thanksgiving-partner\/","name":"Heinz Tr\u00f6kes - Maler, Grafiker, Zeichner \u2013 Danksagung","isPartOf":{"@id":"https:\/\/troekes.com\/#website"},"datePublished":"2018-10-17T10:47:01+00:00","dateModified":"2026-03-20T15:27:00+00:00","description":"Heinz Tr\u00f6kes, (* 15.8.1913 in Hamborn\/Duisburg, \u2020 21.4.1997 in Berlin) \u2013 Danksagung an alle, die am Werkverzeichnis mitgewirkt haben","breadcrumb":{"@id":"https:\/\/troekes.com\/en\/thanksgiving-partner\/#breadcrumb"},"inLanguage":"en-US","potentialAction":[{"@type":"ReadAction","target":["https:\/\/troekes.com\/en\/thanksgiving-partner\/"]}]},{"@type":"BreadcrumbList","@id":"https:\/\/troekes.com\/en\/thanksgiving-partner\/#breadcrumb","itemListElement":[{"@type":"ListItem","position":1,"name":"Startseite","item":"https:\/\/troekes.com\/en\/"},{"@type":"ListItem","position":2,"name":"Credits \/ partner"}]},{"@type":"WebSite","@id":"https:\/\/troekes.com\/#website","url":"https:\/\/troekes.com\/","name":"Heinz Tr\u00f6kes","description":"Werkverzeichnis","publisher":{"@id":"https:\/\/troekes.com\/#organization"},"potentialAction":[{"@type":"SearchAction","target":{"@type":"EntryPoint","urlTemplate":"https:\/\/troekes.com\/?s={search_term_string}"},"query-input":{"@type":"PropertyValueSpecification","valueRequired":true,"valueName":"search_term_string"}}],"inLanguage":"en-US"},{"@type":"Organization","@id":"https:\/\/troekes.com\/#organization","name":"Tr\u00f6kes-Archiv","url":"https:\/\/troekes.com\/","logo":{"@type":"ImageObject","inLanguage":"en-US","@id":"https:\/\/troekes.com\/#\/schema\/logo\/image\/","url":"https:\/\/troekes.com\/wp-content\/uploads\/2018\/06\/tr-logo-dark@2x.png","contentUrl":"https:\/\/troekes.com\/wp-content\/uploads\/2018\/06\/tr-logo-dark@2x.png","width":803,"height":193,"caption":"Tr\u00f6kes-Archiv"},"image":{"@id":"https:\/\/troekes.com\/#\/schema\/logo\/image\/"}}]}},"_links":{"self":[{"href":"https:\/\/troekes.com\/en\/wp-json\/wp\/v2\/pages\/18452","targetHints":{"allow":["GET"]}}],"collection":[{"href":"https:\/\/troekes.com\/en\/wp-json\/wp\/v2\/pages"}],"about":[{"href":"https:\/\/troekes.com\/en\/wp-json\/wp\/v2\/types\/page"}],"author":[{"embeddable":true,"href":"https:\/\/troekes.com\/en\/wp-json\/wp\/v2\/users\/1"}],"replies":[{"embeddable":true,"href":"https:\/\/troekes.com\/en\/wp-json\/wp\/v2\/comments?post=18452"}],"version-history":[{"count":22,"href":"https:\/\/troekes.com\/en\/wp-json\/wp\/v2\/pages\/18452\/revisions"}],"predecessor-version":[{"id":43530,"href":"https:\/\/troekes.com\/en\/wp-json\/wp\/v2\/pages\/18452\/revisions\/43530"}],"wp:attachment":[{"href":"https:\/\/troekes.com\/en\/wp-json\/wp\/v2\/media?parent=18452"}],"curies":[{"name":"wp","href":"https:\/\/api.w.org\/{rel}","templated":true}]}}