{"id":18259,"date":"2020-01-10T17:36:37","date_gmt":"2020-01-10T16:36:37","guid":{"rendered":"https:\/\/troekes.com\/?page_id=18259"},"modified":"2022-05-07T07:27:50","modified_gmt":"2022-05-07T05:27:50","slug":"forgeries","status":"publish","type":"page","link":"https:\/\/troekes.com\/en\/oeuvre\/forgeries\/","title":{"rendered":"Forgeries"},"content":{"rendered":"<div class=\"wpb-content-wrapper\"><p>[vc_row unlock_row_content=&#8221;yes&#8221; row_height_percent=&#8221;0&#8243; override_padding=&#8221;yes&#8221; h_padding=&#8221;2&#8243; top_padding=&#8221;1&#8243; bottom_padding=&#8221;1&#8243; back_color=&#8221;color-xsdn&#8221; overlay_alpha=&#8221;50&#8243; gutter_size=&#8221;3&#8243; column_width_percent=&#8221;100&#8243; shift_y=&#8221;0&#8243; z_index=&#8221;0&#8243; medium_visibility=&#8221;yes&#8221; mobile_visibility=&#8221;yes&#8221; css=&#8221;.vc_custom_1539938724801{padding-top: 10px !important;padding-bottom: 10px !important;}&#8221;][vc_column column_width_percent=&#8221;100&#8243; align_horizontal=&#8221;align_right&#8221; gutter_size=&#8221;3&#8243; overlay_alpha=&#8221;50&#8243; shift_x=&#8221;0&#8243; shift_y=&#8221;0&#8243; shift_y_down=&#8221;0&#8243; z_index=&#8221;0&#8243; medium_width=&#8221;0&#8243; mobile_width=&#8221;0&#8243; width=&#8221;1\/1&#8243;][vc_wp_custommenu nav_menu=&#8221;334&#8243; nav_menu_horizontal=&#8221;1&#8243;][\/vc_column][\/vc_row][vc_row unlock_row_content=&#8221;yes&#8221; row_height_percent=&#8221;0&#8243; override_padding=&#8221;yes&#8221; h_padding=&#8221;4&#8243; top_padding=&#8221;3&#8243; bottom_padding=&#8221;3&#8243; overlay_alpha=&#8221;50&#8243; gutter_size=&#8221;3&#8243; column_width_percent=&#8221;100&#8243; shift_y=&#8221;0&#8243; z_index=&#8221;0&#8243;][vc_column column_width_percent=&#8221;100&#8243; gutter_size=&#8221;3&#8243; overlay_alpha=&#8221;50&#8243; shift_x=&#8221;0&#8243; shift_y=&#8221;0&#8243; shift_y_down=&#8221;0&#8243; z_index=&#8221;0&#8243; medium_width=&#8221;0&#8243; mobile_width=&#8221;0&#8243; width=&#8221;1\/4&#8243;][vc_column_text]<strong>We understand works that <\/strong>have nothing to do with the work of Heinz Tr\u00f6kes as forgeries and false classifications.<br \/>\nIn rare cases it can occur that Heinz Tr\u00f6kes is consciously indicated as the creator of a work that does not originate from him. The signature shown above documents such a case: here, someone forged the signature with fraudulent intent and is attempting to present the work of a third party as a work of Heinz Tr\u00f6kes.<br \/>\nHeinz Tr\u00f6kes is often erroneously credited as the author of a work he did not create. These generally involve errors and a lack of knowledge. This may be due to the creative wealth and the enormous stylistic breadth of the oeuvre of Heinz Tr\u00f6kes.<br \/>\n<b><\/b><\/p>\n<p><b>We have more examples and informations about forgeries and erroneously credited artworks for registered users of the catalogue raisonn\u00e9.<\/b><\/p>\n<p>Please register to see more forgeries.<\/p>\n<p><a style=\"color: #d41c33;\" href=\"https:\/\/troekes.com\/en\/registration\/\">REGISTER<\/a>\u00a0| <a style=\"color: #d41c33;\" href=\"https:\/\/troekes.com\/en\/login\/\">LOGIN<\/a>[\/vc_column_text][vc_column_text][\/vc_column_text][\/vc_column][vc_column column_width_percent=&#8221;100&#8243; gutter_size=&#8221;4&#8243; overlay_alpha=&#8221;50&#8243; shift_x=&#8221;0&#8243; shift_y=&#8221;0&#8243; shift_y_down=&#8221;0&#8243; z_index=&#8221;0&#8243; medium_width=&#8221;0&#8243; mobile_width=&#8221;0&#8243; width=&#8221;3\/4&#8243;][vc_row_inner row_inner_height_percent=&#8221;0&#8243; overlay_alpha=&#8221;50&#8243; equal_height=&#8221;yes&#8221; gutter_size=&#8221;3&#8243; shift_y=&#8221;0&#8243; z_index=&#8221;0&#8243;][vc_column_inner column_width_percent=&#8221;100&#8243; gutter_size=&#8221;1&#8243; back_color=&#8221;color-xsdn&#8221; overlay_alpha=&#8221;50&#8243; shift_x=&#8221;0&#8243; shift_y=&#8221;0&#8243; shift_y_down=&#8221;0&#8243; z_index=&#8221;0&#8243; medium_width=&#8221;0&#8243; mobile_width=&#8221;0&#8243; width=&#8221;1\/2&#8243;][vc_single_image media=&#8221;10687&#8243; media_width_percent=&#8221;100&#8243;][vc_empty_space empty_h=&#8221;1&#8243;][vc_column_text uncode_shortcode_id=&#8221;189566&#8243;]Front. The style corresponds in no way with the style and technique of Heinz Tr\u00f6kes. The work is neither signed nor dated. It has been submitted twice for evaluation. Already the first time, Manuel Tr\u00f6kes was consulted and clearly identified the painting as not originating from Heinz Tr\u00f6kes. The painting was once again submitted to an auction house several months later. This then informed the Tr\u00f6kes Archive; a clear attempt to mislead on the part of the submitter. In March 2022 the painting appeared a forth time. Now at a frame workshop. The owner of the frame workshop informed the Tr\u00f6kes-Archive and finally the Police confiscated the painting.[\/vc_column_text][\/vc_column_inner][vc_column_inner column_width_percent=&#8221;100&#8243; gutter_size=&#8221;1&#8243; back_color=&#8221;color-xsdn&#8221; overlay_alpha=&#8221;50&#8243; shift_x=&#8221;0&#8243; shift_y=&#8221;0&#8243; shift_y_down=&#8221;0&#8243; z_index=&#8221;0&#8243; medium_width=&#8221;0&#8243; mobile_width=&#8221;0&#8243; width=&#8221;1\/2&#8243;][vc_single_image media=&#8221;10688&#8243; media_width_percent=&#8221;100&#8243;][vc_empty_space empty_h=&#8221;1&#8243;][vc_column_text]Back of this painting. It is interesting that the painting has been stretched onto a canvas frame from one of Heinz Tr\u00f6kes\u2019 destroyed paintings. However, here too: the canvas and its application do not correspond with that of Heinz Tr\u00f6kes.[\/vc_column_text][\/vc_column_inner][\/vc_row_inner][\/vc_column][\/vc_row]<\/p>\n<\/div>","protected":false},"excerpt":{"rendered":"<p>[vc_row unlock_row_content=&#8221;yes&#8221; row_height_percent=&#8221;0&#8243; override_padding=&#8221;yes&#8221; h_padding=&#8221;2&#8243; top_padding=&#8221;1&#8243; bottom_padding=&#8221;1&#8243; back_color=&#8221;color-xsdn&#8221; overlay_alpha=&#8221;50&#8243; gutter_size=&#8221;3&#8243; column_width_percent=&#8221;100&#8243; shift_y=&#8221;0&#8243; z_index=&#8221;0&#8243; medium_visibility=&#8221;yes&#8221; mobile_visibility=&#8221;yes&#8221; css=&#8221;.vc_custom_1539938724801{padding-top: 10px !important;padding-bottom: 10px !important;}&#8221;][vc_column [&hellip;]<\/p>\n","protected":false},"author":1,"featured_media":17546,"parent":18233,"menu_order":0,"comment_status":"closed","ping_status":"closed","template":"","meta":{"footnotes":""},"class_list":["post-18259","page","type-page","status-publish","has-post-thumbnail","hentry","page_category-oeuvre-en"],"yoast_head":"<!-- This site is optimized with the Yoast SEO plugin v27.5 - https:\/\/yoast.com\/product\/yoast-seo-wordpress\/ -->\n<title>Forgeries &#8211; Heinz Tr\u00f6kes<\/title>\n<meta name=\"robots\" content=\"index, follow, max-snippet:-1, max-image-preview:large, max-video-preview:-1\" \/>\n<link rel=\"canonical\" href=\"https:\/\/troekes.com\/en\/oeuvre\/forgeries\/\" \/>\n<meta property=\"og:locale\" content=\"en_US\" \/>\n<meta property=\"og:type\" content=\"article\" \/>\n<meta property=\"og:title\" content=\"Forgeries &#8211; Heinz Tr\u00f6kes\" \/>\n<meta property=\"og:description\" content=\"[vc_row unlock_row_content=&#8221;yes&#8221; row_height_percent=&#8221;0&#8243; override_padding=&#8221;yes&#8221; h_padding=&#8221;2&#8243; top_padding=&#8221;1&#8243; bottom_padding=&#8221;1&#8243; back_color=&#8221;color-xsdn&#8221; overlay_alpha=&#8221;50&#8243; gutter_size=&#8221;3&#8243; column_width_percent=&#8221;100&#8243; shift_y=&#8221;0&#8243; z_index=&#8221;0&#8243; medium_visibility=&#8221;yes&#8221; mobile_visibility=&#8221;yes&#8221; css=&#8221;.vc_custom_1539938724801{padding-top: 10px !important;padding-bottom: 10px !important;}&#8221;][vc_column [&hellip;]\" \/>\n<meta property=\"og:url\" content=\"https:\/\/troekes.com\/en\/oeuvre\/forgeries\/\" \/>\n<meta property=\"og:site_name\" content=\"Heinz Tr\u00f6kes\" \/>\n<meta property=\"article:modified_time\" content=\"2022-05-07T05:27:50+00:00\" \/>\n<meta property=\"og:image\" content=\"https:\/\/troekes.com\/wp-content\/uploads\/2018\/09\/heinz-troekes-wvz-oeuvre-faelschungen.jpg\" \/>\n\t<meta property=\"og:image:width\" content=\"1920\" \/>\n\t<meta property=\"og:image:height\" content=\"540\" \/>\n\t<meta property=\"og:image:type\" content=\"image\/jpeg\" \/>\n<meta name=\"twitter:card\" content=\"summary_large_image\" \/>\n<meta name=\"twitter:label1\" content=\"Est. reading time\" \/>\n\t<meta name=\"twitter:data1\" content=\"3 minutes\" \/>\n<script type=\"application\/ld+json\" class=\"yoast-schema-graph\">{\"@context\":\"https:\\\/\\\/schema.org\",\"@graph\":[{\"@type\":\"WebPage\",\"@id\":\"https:\\\/\\\/troekes.com\\\/en\\\/oeuvre\\\/forgeries\\\/\",\"url\":\"https:\\\/\\\/troekes.com\\\/en\\\/oeuvre\\\/forgeries\\\/\",\"name\":\"Forgeries &#8211; Heinz Tr\u00f6kes\",\"isPartOf\":{\"@id\":\"https:\\\/\\\/troekes.com\\\/#website\"},\"primaryImageOfPage\":{\"@id\":\"https:\\\/\\\/troekes.com\\\/en\\\/oeuvre\\\/forgeries\\\/#primaryimage\"},\"image\":{\"@id\":\"https:\\\/\\\/troekes.com\\\/en\\\/oeuvre\\\/forgeries\\\/#primaryimage\"},\"thumbnailUrl\":\"https:\\\/\\\/troekes.com\\\/wp-content\\\/uploads\\\/2018\\\/09\\\/heinz-troekes-wvz-oeuvre-faelschungen.jpg\",\"datePublished\":\"2020-01-10T16:36:37+00:00\",\"dateModified\":\"2022-05-07T05:27:50+00:00\",\"breadcrumb\":{\"@id\":\"https:\\\/\\\/troekes.com\\\/en\\\/oeuvre\\\/forgeries\\\/#breadcrumb\"},\"inLanguage\":\"en-US\",\"potentialAction\":[{\"@type\":\"ReadAction\",\"target\":[\"https:\\\/\\\/troekes.com\\\/en\\\/oeuvre\\\/forgeries\\\/\"]}]},{\"@type\":\"ImageObject\",\"inLanguage\":\"en-US\",\"@id\":\"https:\\\/\\\/troekes.com\\\/en\\\/oeuvre\\\/forgeries\\\/#primaryimage\",\"url\":\"https:\\\/\\\/troekes.com\\\/wp-content\\\/uploads\\\/2018\\\/09\\\/heinz-troekes-wvz-oeuvre-faelschungen.jpg\",\"contentUrl\":\"https:\\\/\\\/troekes.com\\\/wp-content\\\/uploads\\\/2018\\\/09\\\/heinz-troekes-wvz-oeuvre-faelschungen.jpg\",\"width\":1920,\"height\":540},{\"@type\":\"BreadcrumbList\",\"@id\":\"https:\\\/\\\/troekes.com\\\/en\\\/oeuvre\\\/forgeries\\\/#breadcrumb\",\"itemListElement\":[{\"@type\":\"ListItem\",\"position\":1,\"name\":\"Startseite\",\"item\":\"https:\\\/\\\/troekes.com\\\/en\\\/\"},{\"@type\":\"ListItem\",\"position\":2,\"name\":\"\u0152u\u00adv\u00adre\",\"item\":\"https:\\\/\\\/troekes.com\\\/en\\\/oeuvre\\\/\"},{\"@type\":\"ListItem\",\"position\":3,\"name\":\"Forgeries\"}]},{\"@type\":\"WebSite\",\"@id\":\"https:\\\/\\\/troekes.com\\\/#website\",\"url\":\"https:\\\/\\\/troekes.com\\\/\",\"name\":\"Heinz Tr\u00f6kes\",\"description\":\"Werkverzeichnis\",\"publisher\":{\"@id\":\"https:\\\/\\\/troekes.com\\\/#organization\"},\"potentialAction\":[{\"@type\":\"SearchAction\",\"target\":{\"@type\":\"EntryPoint\",\"urlTemplate\":\"https:\\\/\\\/troekes.com\\\/?s={search_term_string}\"},\"query-input\":{\"@type\":\"PropertyValueSpecification\",\"valueRequired\":true,\"valueName\":\"search_term_string\"}}],\"inLanguage\":\"en-US\"},{\"@type\":\"Organization\",\"@id\":\"https:\\\/\\\/troekes.com\\\/#organization\",\"name\":\"Tr\u00f6kes-Archiv\",\"url\":\"https:\\\/\\\/troekes.com\\\/\",\"logo\":{\"@type\":\"ImageObject\",\"inLanguage\":\"en-US\",\"@id\":\"https:\\\/\\\/troekes.com\\\/#\\\/schema\\\/logo\\\/image\\\/\",\"url\":\"https:\\\/\\\/troekes.com\\\/wp-content\\\/uploads\\\/2018\\\/06\\\/tr-logo-dark@2x.png\",\"contentUrl\":\"https:\\\/\\\/troekes.com\\\/wp-content\\\/uploads\\\/2018\\\/06\\\/tr-logo-dark@2x.png\",\"width\":803,\"height\":193,\"caption\":\"Tr\u00f6kes-Archiv\"},\"image\":{\"@id\":\"https:\\\/\\\/troekes.com\\\/#\\\/schema\\\/logo\\\/image\\\/\"}}]}<\/script>\n<!-- \/ Yoast SEO plugin. -->","yoast_head_json":{"title":"Forgeries &#8211; Heinz Tr\u00f6kes","robots":{"index":"index","follow":"follow","max-snippet":"max-snippet:-1","max-image-preview":"max-image-preview:large","max-video-preview":"max-video-preview:-1"},"canonical":"https:\/\/troekes.com\/en\/oeuvre\/forgeries\/","og_locale":"en_US","og_type":"article","og_title":"Forgeries &#8211; Heinz Tr\u00f6kes","og_description":"[vc_row unlock_row_content=&#8221;yes&#8221; row_height_percent=&#8221;0&#8243; override_padding=&#8221;yes&#8221; h_padding=&#8221;2&#8243; top_padding=&#8221;1&#8243; bottom_padding=&#8221;1&#8243; back_color=&#8221;color-xsdn&#8221; overlay_alpha=&#8221;50&#8243; gutter_size=&#8221;3&#8243; column_width_percent=&#8221;100&#8243; shift_y=&#8221;0&#8243; z_index=&#8221;0&#8243; medium_visibility=&#8221;yes&#8221; mobile_visibility=&#8221;yes&#8221; css=&#8221;.vc_custom_1539938724801{padding-top: 10px !important;padding-bottom: 10px !important;}&#8221;][vc_column [&hellip;]","og_url":"https:\/\/troekes.com\/en\/oeuvre\/forgeries\/","og_site_name":"Heinz Tr\u00f6kes","article_modified_time":"2022-05-07T05:27:50+00:00","og_image":[{"width":1920,"height":540,"url":"https:\/\/troekes.com\/wp-content\/uploads\/2018\/09\/heinz-troekes-wvz-oeuvre-faelschungen.jpg","type":"image\/jpeg"}],"twitter_card":"summary_large_image","twitter_misc":{"Est. reading time":"3 minutes"},"schema":{"@context":"https:\/\/schema.org","@graph":[{"@type":"WebPage","@id":"https:\/\/troekes.com\/en\/oeuvre\/forgeries\/","url":"https:\/\/troekes.com\/en\/oeuvre\/forgeries\/","name":"Forgeries &#8211; Heinz Tr\u00f6kes","isPartOf":{"@id":"https:\/\/troekes.com\/#website"},"primaryImageOfPage":{"@id":"https:\/\/troekes.com\/en\/oeuvre\/forgeries\/#primaryimage"},"image":{"@id":"https:\/\/troekes.com\/en\/oeuvre\/forgeries\/#primaryimage"},"thumbnailUrl":"https:\/\/troekes.com\/wp-content\/uploads\/2018\/09\/heinz-troekes-wvz-oeuvre-faelschungen.jpg","datePublished":"2020-01-10T16:36:37+00:00","dateModified":"2022-05-07T05:27:50+00:00","breadcrumb":{"@id":"https:\/\/troekes.com\/en\/oeuvre\/forgeries\/#breadcrumb"},"inLanguage":"en-US","potentialAction":[{"@type":"ReadAction","target":["https:\/\/troekes.com\/en\/oeuvre\/forgeries\/"]}]},{"@type":"ImageObject","inLanguage":"en-US","@id":"https:\/\/troekes.com\/en\/oeuvre\/forgeries\/#primaryimage","url":"https:\/\/troekes.com\/wp-content\/uploads\/2018\/09\/heinz-troekes-wvz-oeuvre-faelschungen.jpg","contentUrl":"https:\/\/troekes.com\/wp-content\/uploads\/2018\/09\/heinz-troekes-wvz-oeuvre-faelschungen.jpg","width":1920,"height":540},{"@type":"BreadcrumbList","@id":"https:\/\/troekes.com\/en\/oeuvre\/forgeries\/#breadcrumb","itemListElement":[{"@type":"ListItem","position":1,"name":"Startseite","item":"https:\/\/troekes.com\/en\/"},{"@type":"ListItem","position":2,"name":"\u0152u\u00adv\u00adre","item":"https:\/\/troekes.com\/en\/oeuvre\/"},{"@type":"ListItem","position":3,"name":"Forgeries"}]},{"@type":"WebSite","@id":"https:\/\/troekes.com\/#website","url":"https:\/\/troekes.com\/","name":"Heinz Tr\u00f6kes","description":"Werkverzeichnis","publisher":{"@id":"https:\/\/troekes.com\/#organization"},"potentialAction":[{"@type":"SearchAction","target":{"@type":"EntryPoint","urlTemplate":"https:\/\/troekes.com\/?s={search_term_string}"},"query-input":{"@type":"PropertyValueSpecification","valueRequired":true,"valueName":"search_term_string"}}],"inLanguage":"en-US"},{"@type":"Organization","@id":"https:\/\/troekes.com\/#organization","name":"Tr\u00f6kes-Archiv","url":"https:\/\/troekes.com\/","logo":{"@type":"ImageObject","inLanguage":"en-US","@id":"https:\/\/troekes.com\/#\/schema\/logo\/image\/","url":"https:\/\/troekes.com\/wp-content\/uploads\/2018\/06\/tr-logo-dark@2x.png","contentUrl":"https:\/\/troekes.com\/wp-content\/uploads\/2018\/06\/tr-logo-dark@2x.png","width":803,"height":193,"caption":"Tr\u00f6kes-Archiv"},"image":{"@id":"https:\/\/troekes.com\/#\/schema\/logo\/image\/"}}]}},"_links":{"self":[{"href":"https:\/\/troekes.com\/en\/wp-json\/wp\/v2\/pages\/18259","targetHints":{"allow":["GET"]}}],"collection":[{"href":"https:\/\/troekes.com\/en\/wp-json\/wp\/v2\/pages"}],"about":[{"href":"https:\/\/troekes.com\/en\/wp-json\/wp\/v2\/types\/page"}],"author":[{"embeddable":true,"href":"https:\/\/troekes.com\/en\/wp-json\/wp\/v2\/users\/1"}],"replies":[{"embeddable":true,"href":"https:\/\/troekes.com\/en\/wp-json\/wp\/v2\/comments?post=18259"}],"version-history":[{"count":0,"href":"https:\/\/troekes.com\/en\/wp-json\/wp\/v2\/pages\/18259\/revisions"}],"up":[{"embeddable":true,"href":"https:\/\/troekes.com\/en\/wp-json\/wp\/v2\/pages\/18233"}],"wp:featuredmedia":[{"embeddable":true,"href":"https:\/\/troekes.com\/en\/wp-json\/wp\/v2\/media\/17546"}],"wp:attachment":[{"href":"https:\/\/troekes.com\/en\/wp-json\/wp\/v2\/media?parent=18259"}],"curies":[{"name":"wp","href":"https:\/\/api.w.org\/{rel}","templated":true}]}}