{"id":18159,"date":"2018-10-17T13:23:21","date_gmt":"2018-10-17T11:23:21","guid":{"rendered":"https:\/\/troekes.com\/ueber-das-wvz\/"},"modified":"2025-11-30T11:59:52","modified_gmt":"2025-11-30T10:59:52","slug":"about-the-catalogue","status":"publish","type":"page","link":"https:\/\/troekes.com\/en\/about-the-catalogue\/","title":{"rendered":"About the catalogue"},"content":{"rendered":"<div class=\"wpb-content-wrapper\"><p>[vc_row unlock_row_content=&#8221;yes&#8221; row_height_percent=&#8221;0&#8243; override_padding=&#8221;yes&#8221; h_padding=&#8221;2&#8243; top_padding=&#8221;1&#8243; bottom_padding=&#8221;1&#8243; back_color=&#8221;color-xsdn&#8221; overlay_alpha=&#8221;50&#8243; gutter_size=&#8221;3&#8243; column_width_percent=&#8221;100&#8243; shift_y=&#8221;0&#8243; z_index=&#8221;0&#8243; mobile_visibility=&#8221;yes&#8221; row_height_pixel=&#8221;45&#8243;][vc_column column_width_percent=&#8221;100&#8243; position_vertical=&#8221;middle&#8221; align_horizontal=&#8221;align_right&#8221; gutter_size=&#8221;3&#8243; overlay_alpha=&#8221;50&#8243; shift_x=&#8221;0&#8243; shift_y=&#8221;0&#8243; shift_y_down=&#8221;0&#8243; z_index=&#8221;0&#8243; medium_width=&#8221;0&#8243; mobile_width=&#8221;0&#8243; width=&#8221;1\/1&#8243;][vc_wp_custommenu nav_menu=&#8221;544&#8243; nav_menu_horizontal=&#8221;1&#8243;][\/vc_column][\/vc_row][vc_row row_height_percent=&#8221;0&#8243; override_padding=&#8221;yes&#8221; h_padding=&#8221;2&#8243; top_padding=&#8221;3&#8243; bottom_padding=&#8221;3&#8243; overlay_alpha=&#8221;50&#8243; gutter_size=&#8221;3&#8243; column_width_percent=&#8221;100&#8243; shift_y=&#8221;0&#8243; z_index=&#8221;0&#8243;][vc_column width=&#8221;1\/1&#8243;][vc_row_inner limit_content=&#8221;&#8221;][vc_column_inner width=&#8221;1\/1&#8243;][vc_custom_heading heading_semantic=&#8221;h4&#8243; text_size=&#8221;h4&#8243; text_weight=&#8221;400&#8243; text_height=&#8221;fontheight-179830&#8243; uncode_shortcode_id=&#8221;150862&#8243;]In this comprehensive catalogue raisonn\u00e9, we document the entire oeuvre of the artist Heinz Tr\u00f6kes: oil paintings (Krause catalogue raisonn\u00e9), works on paper and prints, but also his sketchbooks and several of his textile designs (Tr\u00f6kes catalogue raisonn\u00e9). We also inform the interested public and specialists about previously unknown or lost works and forgeries. In order to be able to view and receive images and further information on<b> now 7,290 works<\/b>, you must register. Works of Tr\u00f6kes for which there are no good or secured images do not appear in the catalogue raisonn\u00e9. The online catalogue raisonn\u00e9 is a work in progress project by Manuel Tr\u00f6kes.[\/vc_custom_heading][\/vc_column_inner][\/vc_row_inner][vc_row_inner row_inner_height_percent=&#8221;0&#8243; overlay_alpha=&#8221;50&#8243; gutter_size=&#8221;3&#8243; shift_y=&#8221;0&#8243; z_index=&#8221;0&#8243; limit_content=&#8221;&#8221;][vc_column_inner width=&#8221;1\/2&#8243;][vc_column_text uncode_shortcode_id=&#8221;142507&#8243;]This catalogue raisonn\u00e9 should not only be a document and documentation of his active creativity. In this way, we happily place Tr\u00f6kes entire oeuvre in the service of science and encourage specialists to carry out their research here. In the process, we look forward to a brisk exchange of ideas with you.<\/p>\n<p>The catalogue raisonn\u00e9 is created in such a way that highly precise work can be carried out through search filters. It also offers additional services, such as the creation of personal light boxes, the printing out of lists or results or the provision of special information about the works.<\/p>\n<p>We are happy to include missing images for works or to supplement the catalogue with works it has not contained to date. If you would like to contribute something, please contact us.<\/p>\n<p>With this website and the catalogue raisonn\u00e9, we also want to make the oeuvre of Heinz Tr\u00f6kes accessible to a broad public. We have taken no measures to make the saving or downloading of images of the works more difficult.<\/p>\n<p>We grant private persons the right to the private usage of the image files according to the guidelines of the <a href=\"https:\/\/en.wikipedia.org\/wiki\/Creative_Commons_license\">CC 4.0 license (BY-NC-ND)<\/a>. Important points of this license include the obligations to not alter the works and to name the source and the author Heinz Tr\u00f6kes.<\/p>\n<p>Any other use is prohibited. This especially applies to all persons who are professionally active in the field of fine arts in any way. If you should be interested in professional or commercial use of individual works, please address your enquiry to <strong><a href=\"https:\/\/www.bildkunst.de\/en\/homepage.html\" target=\"_blank\" rel=\"noopener noreferrer\">VG Bild-Kunst<\/a><\/strong>, which administers the copyright usage rights to the works of Heinz Tr\u00f6kes on our behalf. So-called high-res image files of several works for commercial purposes can be sent for a fee.<\/p>\n<p>The setting up of the catalogue raisonn\u00e9 of Heinz Tr\u00f6kes is a project preceded by several years of research and planning, initially by Markus Krause (Krause catalogue raisonn\u00e9, oil paintings), and ultimately by Manuel Tr\u00f6kes (Tr\u00f6kes catalogue raisonn\u00e9, works on paper, prints, books and sketchbooks). The technically impeccable realisation, as well as the creation of high-quality images were just as important matters as the checking of the compiled information.<\/p>\n<p>Please understand that we require a few items of information from you before we can approve your access to the protected area. To this purpose, please register using our form at the <a style=\"color: #d41c33;\" href=\"https:\/\/troekes.com\/en\/registration\/\">REGISTRATION<\/a> page.[\/vc_column_text][\/vc_column_inner][vc_column_inner column_width_percent=&#8221;100&#8243; align_horizontal=&#8221;align_center&#8221; gutter_size=&#8221;2&#8243; overlay_alpha=&#8221;50&#8243; shift_x=&#8221;0&#8243; shift_y=&#8221;0&#8243; shift_y_down=&#8221;0&#8243; z_index=&#8221;0&#8243; medium_width=&#8221;0&#8243; mobile_width=&#8221;0&#8243; width=&#8221;1\/2&#8243;][vc_single_image media=&#8221;21605&#8243; media_lightbox=&#8221;yes&#8221; media_width_percent=&#8221;100&#8243;][vc_column_text]<em>\u00a0Search functions and overview of the catalogue after <a href=\"https:\/\/troekes.com\/en\/login\/\">login<\/a><\/em>[\/vc_column_text][vc_empty_space empty_h=&#8221;1&#8243;][vc_single_image media=&#8221;13626&#8243; media_lightbox=&#8221;yes&#8221; media_width_percent=&#8221;100&#8243;][vc_column_text]<em>Detailed view of an artwork after <a href=\"https:\/\/troekes.com\/en\/login\/\">login<\/a><\/em>[\/vc_column_text][\/vc_column_inner][\/vc_row_inner][vc_row_inner limit_content=&#8221;&#8221;][vc_column_inner column_width_percent=&#8221;100&#8243; align_horizontal=&#8221;align_center&#8221; gutter_size=&#8221;3&#8243; overlay_alpha=&#8221;50&#8243; shift_x=&#8221;0&#8243; shift_y=&#8221;0&#8243; shift_y_down=&#8221;0&#8243; z_index=&#8221;0&#8243; medium_width=&#8221;0&#8243; mobile_width=&#8221;0&#8243; width=&#8221;1\/1&#8243;][vc_button button_color=&#8221;accent&#8221; border_width=&#8221;0&#8243; display=&#8221;inline&#8221; link=&#8221;url:https%3A%2F%2Ftroekes.com%2Fen%2Flogin%2F|title:Login||&#8221;]Login for the Catalogue raisonn\u00e9[\/vc_button][vc_button button_color=&#8221;accent&#8221; border_width=&#8221;0&#8243; display=&#8221;inline&#8221; link=&#8221;url:https%3A%2F%2Ftroekes.com%2Fen%2Fregistration%2F|||&#8221;]Register for the Catalogue raisonn\u00e9[\/vc_button][vc_button button_color=&#8221;accent&#8221; border_width=&#8221;0&#8243; display=&#8221;inline&#8221; link=&#8221;url:https%3A%2F%2Ftroekes.com%2Fen%2Fcontact%2F|title:Contact||&#8221;]Getting in contact[\/vc_button][\/vc_column_inner][\/vc_row_inner][\/vc_column][\/vc_row]<\/p>\n<\/div>","protected":false},"excerpt":{"rendered":"<p>[vc_row unlock_row_content=&#8221;yes&#8221; row_height_percent=&#8221;0&#8243; override_padding=&#8221;yes&#8221; h_padding=&#8221;2&#8243; top_padding=&#8221;1&#8243; bottom_padding=&#8221;1&#8243; back_color=&#8221;color-xsdn&#8221; overlay_alpha=&#8221;50&#8243; gutter_size=&#8221;3&#8243; column_width_percent=&#8221;100&#8243; shift_y=&#8221;0&#8243; z_index=&#8221;0&#8243; mobile_visibility=&#8221;yes&#8221; row_height_pixel=&#8221;45&#8243;][vc_column column_width_percent=&#8221;100&#8243; position_vertical=&#8221;middle&#8221; align_horizontal=&#8221;align_right&#8221; gutter_size=&#8221;3&#8243; overlay_alpha=&#8221;50&#8243; [&hellip;]<\/p>\n","protected":false},"author":2,"featured_media":0,"parent":0,"menu_order":0,"comment_status":"closed","ping_status":"closed","template":"","meta":{"footnotes":""},"class_list":["post-18159","page","type-page","status-publish","hentry"],"yoast_head":"<!-- This site is optimized with the Yoast SEO plugin v27.4 - https:\/\/yoast.com\/product\/yoast-seo-wordpress\/ -->\n<title>Heinz Tr\u00f6kes - (Heinz Troekes) - about the catalogue raisonn\u00e9<\/title>\n<meta name=\"description\" content=\"In this comprehensive catalogue raisonn\u00e9, we document the entire \u0153uvre of the artist Heinz Tr\u00f6kes: oil paintings, graphic works, prints and many more.\" \/>\n<meta name=\"robots\" content=\"index, follow, max-snippet:-1, max-image-preview:large, max-video-preview:-1\" \/>\n<link rel=\"canonical\" href=\"https:\/\/troekes.com\/en\/about-the-catalogue\/\" \/>\n<meta property=\"og:locale\" content=\"en_US\" \/>\n<meta property=\"og:type\" content=\"article\" \/>\n<meta property=\"og:title\" content=\"Heinz Tr\u00f6kes - (Heinz Troekes) - about the catalogue raisonn\u00e9\" \/>\n<meta property=\"og:description\" content=\"In this comprehensive catalogue raisonn\u00e9, we document the entire \u0153uvre of the artist Heinz Tr\u00f6kes: oil paintings, graphic works, prints and many more.\" \/>\n<meta property=\"og:url\" content=\"https:\/\/troekes.com\/en\/about-the-catalogue\/\" \/>\n<meta property=\"og:site_name\" content=\"Heinz Tr\u00f6kes\" \/>\n<meta property=\"article:modified_time\" content=\"2025-11-30T10:59:52+00:00\" \/>\n<meta name=\"twitter:card\" content=\"summary_large_image\" \/>\n<meta name=\"twitter:label1\" content=\"Est. reading time\" \/>\n\t<meta name=\"twitter:data1\" content=\"4 minutes\" \/>\n<script type=\"application\/ld+json\" class=\"yoast-schema-graph\">{\"@context\":\"https:\\\/\\\/schema.org\",\"@graph\":[{\"@type\":\"WebPage\",\"@id\":\"https:\\\/\\\/troekes.com\\\/en\\\/about-the-catalogue\\\/\",\"url\":\"https:\\\/\\\/troekes.com\\\/en\\\/about-the-catalogue\\\/\",\"name\":\"Heinz Tr\u00f6kes - (Heinz Troekes) - about the catalogue raisonn\u00e9\",\"isPartOf\":{\"@id\":\"https:\\\/\\\/troekes.com\\\/#website\"},\"datePublished\":\"2018-10-17T11:23:21+00:00\",\"dateModified\":\"2025-11-30T10:59:52+00:00\",\"description\":\"In this comprehensive catalogue raisonn\u00e9, we document the entire \u0153uvre of the artist Heinz Tr\u00f6kes: oil paintings, graphic works, prints and many more.\",\"breadcrumb\":{\"@id\":\"https:\\\/\\\/troekes.com\\\/en\\\/about-the-catalogue\\\/#breadcrumb\"},\"inLanguage\":\"en-US\",\"potentialAction\":[{\"@type\":\"ReadAction\",\"target\":[\"https:\\\/\\\/troekes.com\\\/en\\\/about-the-catalogue\\\/\"]}]},{\"@type\":\"BreadcrumbList\",\"@id\":\"https:\\\/\\\/troekes.com\\\/en\\\/about-the-catalogue\\\/#breadcrumb\",\"itemListElement\":[{\"@type\":\"ListItem\",\"position\":1,\"name\":\"Startseite\",\"item\":\"https:\\\/\\\/troekes.com\\\/en\\\/\"},{\"@type\":\"ListItem\",\"position\":2,\"name\":\"About the catalogue\"}]},{\"@type\":\"WebSite\",\"@id\":\"https:\\\/\\\/troekes.com\\\/#website\",\"url\":\"https:\\\/\\\/troekes.com\\\/\",\"name\":\"Heinz Tr\u00f6kes\",\"description\":\"Werkverzeichnis\",\"publisher\":{\"@id\":\"https:\\\/\\\/troekes.com\\\/#organization\"},\"potentialAction\":[{\"@type\":\"SearchAction\",\"target\":{\"@type\":\"EntryPoint\",\"urlTemplate\":\"https:\\\/\\\/troekes.com\\\/?s={search_term_string}\"},\"query-input\":{\"@type\":\"PropertyValueSpecification\",\"valueRequired\":true,\"valueName\":\"search_term_string\"}}],\"inLanguage\":\"en-US\"},{\"@type\":\"Organization\",\"@id\":\"https:\\\/\\\/troekes.com\\\/#organization\",\"name\":\"Tr\u00f6kes-Archiv\",\"url\":\"https:\\\/\\\/troekes.com\\\/\",\"logo\":{\"@type\":\"ImageObject\",\"inLanguage\":\"en-US\",\"@id\":\"https:\\\/\\\/troekes.com\\\/#\\\/schema\\\/logo\\\/image\\\/\",\"url\":\"https:\\\/\\\/troekes.com\\\/wp-content\\\/uploads\\\/2018\\\/06\\\/tr-logo-dark@2x.png\",\"contentUrl\":\"https:\\\/\\\/troekes.com\\\/wp-content\\\/uploads\\\/2018\\\/06\\\/tr-logo-dark@2x.png\",\"width\":803,\"height\":193,\"caption\":\"Tr\u00f6kes-Archiv\"},\"image\":{\"@id\":\"https:\\\/\\\/troekes.com\\\/#\\\/schema\\\/logo\\\/image\\\/\"}}]}<\/script>\n<!-- \/ Yoast SEO plugin. -->","yoast_head_json":{"title":"Heinz Tr\u00f6kes - (Heinz Troekes) - about the catalogue raisonn\u00e9","description":"In this comprehensive catalogue raisonn\u00e9, we document the entire \u0153uvre of the artist Heinz Tr\u00f6kes: oil paintings, graphic works, prints and many more.","robots":{"index":"index","follow":"follow","max-snippet":"max-snippet:-1","max-image-preview":"max-image-preview:large","max-video-preview":"max-video-preview:-1"},"canonical":"https:\/\/troekes.com\/en\/about-the-catalogue\/","og_locale":"en_US","og_type":"article","og_title":"Heinz Tr\u00f6kes - (Heinz Troekes) - about the catalogue raisonn\u00e9","og_description":"In this comprehensive catalogue raisonn\u00e9, we document the entire \u0153uvre of the artist Heinz Tr\u00f6kes: oil paintings, graphic works, prints and many more.","og_url":"https:\/\/troekes.com\/en\/about-the-catalogue\/","og_site_name":"Heinz Tr\u00f6kes","article_modified_time":"2025-11-30T10:59:52+00:00","twitter_card":"summary_large_image","twitter_misc":{"Est. reading time":"4 minutes"},"schema":{"@context":"https:\/\/schema.org","@graph":[{"@type":"WebPage","@id":"https:\/\/troekes.com\/en\/about-the-catalogue\/","url":"https:\/\/troekes.com\/en\/about-the-catalogue\/","name":"Heinz Tr\u00f6kes - (Heinz Troekes) - about the catalogue raisonn\u00e9","isPartOf":{"@id":"https:\/\/troekes.com\/#website"},"datePublished":"2018-10-17T11:23:21+00:00","dateModified":"2025-11-30T10:59:52+00:00","description":"In this comprehensive catalogue raisonn\u00e9, we document the entire \u0153uvre of the artist Heinz Tr\u00f6kes: oil paintings, graphic works, prints and many more.","breadcrumb":{"@id":"https:\/\/troekes.com\/en\/about-the-catalogue\/#breadcrumb"},"inLanguage":"en-US","potentialAction":[{"@type":"ReadAction","target":["https:\/\/troekes.com\/en\/about-the-catalogue\/"]}]},{"@type":"BreadcrumbList","@id":"https:\/\/troekes.com\/en\/about-the-catalogue\/#breadcrumb","itemListElement":[{"@type":"ListItem","position":1,"name":"Startseite","item":"https:\/\/troekes.com\/en\/"},{"@type":"ListItem","position":2,"name":"About the catalogue"}]},{"@type":"WebSite","@id":"https:\/\/troekes.com\/#website","url":"https:\/\/troekes.com\/","name":"Heinz Tr\u00f6kes","description":"Werkverzeichnis","publisher":{"@id":"https:\/\/troekes.com\/#organization"},"potentialAction":[{"@type":"SearchAction","target":{"@type":"EntryPoint","urlTemplate":"https:\/\/troekes.com\/?s={search_term_string}"},"query-input":{"@type":"PropertyValueSpecification","valueRequired":true,"valueName":"search_term_string"}}],"inLanguage":"en-US"},{"@type":"Organization","@id":"https:\/\/troekes.com\/#organization","name":"Tr\u00f6kes-Archiv","url":"https:\/\/troekes.com\/","logo":{"@type":"ImageObject","inLanguage":"en-US","@id":"https:\/\/troekes.com\/#\/schema\/logo\/image\/","url":"https:\/\/troekes.com\/wp-content\/uploads\/2018\/06\/tr-logo-dark@2x.png","contentUrl":"https:\/\/troekes.com\/wp-content\/uploads\/2018\/06\/tr-logo-dark@2x.png","width":803,"height":193,"caption":"Tr\u00f6kes-Archiv"},"image":{"@id":"https:\/\/troekes.com\/#\/schema\/logo\/image\/"}}]}},"_links":{"self":[{"href":"https:\/\/troekes.com\/en\/wp-json\/wp\/v2\/pages\/18159","targetHints":{"allow":["GET"]}}],"collection":[{"href":"https:\/\/troekes.com\/en\/wp-json\/wp\/v2\/pages"}],"about":[{"href":"https:\/\/troekes.com\/en\/wp-json\/wp\/v2\/types\/page"}],"author":[{"embeddable":true,"href":"https:\/\/troekes.com\/en\/wp-json\/wp\/v2\/users\/2"}],"replies":[{"embeddable":true,"href":"https:\/\/troekes.com\/en\/wp-json\/wp\/v2\/comments?post=18159"}],"version-history":[{"count":6,"href":"https:\/\/troekes.com\/en\/wp-json\/wp\/v2\/pages\/18159\/revisions"}],"predecessor-version":[{"id":43294,"href":"https:\/\/troekes.com\/en\/wp-json\/wp\/v2\/pages\/18159\/revisions\/43294"}],"wp:attachment":[{"href":"https:\/\/troekes.com\/en\/wp-json\/wp\/v2\/media?parent=18159"}],"curies":[{"name":"wp","href":"https:\/\/api.w.org\/{rel}","templated":true}]}}