{"id":17909,"date":"2018-06-08T12:01:02","date_gmt":"2018-06-08T10:01:02","guid":{"rendered":"https:\/\/troekes.com\/kontakt\/"},"modified":"2025-01-17T18:29:21","modified_gmt":"2025-01-17T17:29:21","slug":"contact","status":"publish","type":"page","link":"https:\/\/troekes.com\/en\/contact\/","title":{"rendered":"Contact"},"content":{"rendered":"<div class=\"wpb-content-wrapper\"><p>[vc_row unlock_row_content=&#8221;yes&#8221; row_height_percent=&#8221;0&#8243; override_padding=&#8221;yes&#8221; h_padding=&#8221;2&#8243; top_padding=&#8221;1&#8243; bottom_padding=&#8221;1&#8243; back_color=&#8221;color-xsdn&#8221; overlay_alpha=&#8221;50&#8243; gutter_size=&#8221;3&#8243; column_width_percent=&#8221;100&#8243; shift_y=&#8221;0&#8243; z_index=&#8221;0&#8243; row_height_pixel=&#8221;45&#8243;][vc_column column_width_percent=&#8221;100&#8243; align_horizontal=&#8221;align_right&#8221; gutter_size=&#8221;3&#8243; overlay_alpha=&#8221;50&#8243; shift_x=&#8221;0&#8243; shift_y=&#8221;0&#8243; shift_y_down=&#8221;0&#8243; z_index=&#8221;0&#8243; medium_width=&#8221;0&#8243; mobile_width=&#8221;0&#8243; width=&#8221;1\/1&#8243;][\/vc_column][\/vc_row][vc_row unlock_row_content=&#8221;yes&#8221; row_height_percent=&#8221;0&#8243; override_padding=&#8221;yes&#8221; h_padding=&#8221;4&#8243; top_padding=&#8221;3&#8243; bottom_padding=&#8221;2&#8243; overlay_alpha=&#8221;50&#8243; gutter_size=&#8221;3&#8243; column_width_percent=&#8221;100&#8243; shift_y=&#8221;0&#8243; z_index=&#8221;0&#8243;][vc_column width=&#8221;1\/1&#8243;][vc_column_text text_lead=&#8221;yes&#8221;]Do you have questions concerning a work by Heinz Tr\u00f6kes, would like to find out more about the \u0153uvre of Heinz Tr\u00f6kes or are searching for special information?<br \/>\nDon\u2019t hesitate to contact us? We look forward to hearing from you.[\/vc_column_text][\/vc_column][\/vc_row][vc_row unlock_row_content=&#8221;yes&#8221; row_height_percent=&#8221;0&#8243; override_padding=&#8221;yes&#8221; h_padding=&#8221;4&#8243; top_padding=&#8221;0&#8243; bottom_padding=&#8221;3&#8243; overlay_alpha=&#8221;50&#8243; gutter_size=&#8221;3&#8243; column_width_percent=&#8221;100&#8243; shift_y=&#8221;0&#8243; z_index=&#8221;0&#8243;][vc_column width=&#8221;1\/6&#8243;][vc_column_text uncode_shortcode_id=&#8221;165428&#8243;]The Tr\u00f6kes Archive is a private initiative with the goal of preserving the work and the artistic estate of Heinz Tr\u00f6kes and making it accessible to a broad public. Manuel Tr\u00f6kes, the son of Heinz and Ren\u00e9e, has compiled, registered and secured the artistic estate. He heads the Tr\u00f6kes Archive and can be contacted at any time to answer questions involving the work of Heinz Tr\u00f6kes.<\/p>\n<p>The objectives of the Tr\u00f6kes Archive are:<\/p>\n<ul>\n<li>value preservation of the artwork of Heinz Tr\u00f6kes<span class=\"Apple-converted-space\">\u00a0<\/span><\/li>\n<li>registering all works in a digital catalogue<\/li>\n<li>making all works accessible to a broad public in the web<\/li>\n<li>finding lost and unknown works and including them in the\u00a0catalogue raisonn\u00e9<\/li>\n<li>supporting partners with exhibitions of Heinz Tr\u00f6kes in galleries and museums with works and information<\/li>\n<li>creating expertise on individual works by Heinz Tr\u00f6kes for collectors, gallery owners and auction houses<\/li>\n<\/ul>\n<p><b>Postal address<\/b><\/p>\n<p>TR\u00d6KES-ARCHIV<br \/>\nAm Spreebord 9<br \/>\n10589 Berlin<\/p>\n<p>Phone +49 30 20 23 85 07<br \/>\nE-Mail: <a style=\"color: #d41c33;\" href=\"mailto:kontakt...troekes.de\">kontakt@troekes.de<\/a>[\/vc_column_text][\/vc_column][vc_column column_width_percent=&#8221;100&#8243; gutter_size=&#8221;3&#8243; back_color=&#8221;color-xsdn&#8221; overlay_alpha=&#8221;50&#8243; shift_x=&#8221;0&#8243; shift_y=&#8221;0&#8243; shift_y_down=&#8221;0&#8243; z_index=&#8221;0&#8243; medium_width=&#8221;0&#8243; mobile_width=&#8221;0&#8243; width=&#8221;2\/6&#8243;][vc_custom_heading text_size=&#8221;h4&#8243;]Contact form for general inquiries[\/vc_custom_heading]\n<div class=\"wpcf7 no-js\" id=\"wpcf7-f10483-o1\" lang=\"de-DE\" dir=\"ltr\" data-wpcf7-id=\"10483\">\n<div class=\"screen-reader-response\"><p role=\"status\" aria-live=\"polite\" aria-atomic=\"true\"><\/p> <ul><\/ul><\/div>\n<form action=\"\/en\/wp-json\/wp\/v2\/pages\/17909#wpcf7-f10483-o1\" method=\"post\" class=\"wpcf7-form init\" aria-label=\"Kontaktformular\" novalidate=\"novalidate\" data-status=\"init\">\n<fieldset class=\"hidden-fields-container\"><input type=\"hidden\" name=\"_wpcf7\" value=\"10483\" \/><input type=\"hidden\" name=\"_wpcf7_version\" value=\"6.1.5\" \/><input type=\"hidden\" name=\"_wpcf7_locale\" value=\"de_DE\" \/><input type=\"hidden\" name=\"_wpcf7_unit_tag\" value=\"wpcf7-f10483-o1\" \/><input type=\"hidden\" name=\"_wpcf7_container_post\" value=\"0\" \/><input type=\"hidden\" name=\"_wpcf7_posted_data_hash\" value=\"\" \/>\n<\/fieldset>\n<p><span class=\"wpcf7-form-control-wrap\" data-name=\"your-name\"><input size=\"40\" maxlength=\"400\" class=\"wpcf7-form-control wpcf7-text wpcf7-validates-as-required\" aria-required=\"true\" aria-invalid=\"false\" placeholder=\"Name*\" value=\"\" type=\"text\" name=\"your-name\" \/><\/span>\n<\/p>\n<p><span class=\"wpcf7-form-control-wrap\" data-name=\"your-email\"><input size=\"40\" maxlength=\"400\" class=\"wpcf7-form-control wpcf7-email wpcf7-validates-as-required wpcf7-text wpcf7-validates-as-email\" aria-required=\"true\" aria-invalid=\"false\" placeholder=\"E-Mail - Email*\" value=\"\" type=\"email\" name=\"your-email\" \/><\/span>\n<\/p>\n<p><span class=\"wpcf7-form-control-wrap\" data-name=\"your-telephone\"><input size=\"40\" maxlength=\"400\" class=\"wpcf7-form-control wpcf7-text form-fluid\" aria-invalid=\"false\" placeholder=\"Telefon - Phone\" value=\"\" type=\"text\" name=\"your-telephone\" \/><\/span>\n<\/p>\n<p><span class=\"wpcf7-form-control-wrap\" data-name=\"betreff\"><input size=\"40\" maxlength=\"400\" class=\"wpcf7-form-control wpcf7-text wpcf7-validates-as-required\" aria-required=\"true\" aria-invalid=\"false\" placeholder=\"Betreff - Subject*\" value=\"\" type=\"text\" name=\"betreff\" \/><\/span>\n<\/p>\n<p><span id=\"wpcf7-69ebf1ef7f12d-wrapper\" class=\"wpcf7-form-control-wrap Vorname-wrap\" style=\"display:none !important; visibility:hidden !important;\"><label for=\"wpcf7-69ebf1ef7f12d-field\" class=\"hp-message\">Bitte lasse dieses Feld leer.<\/label><input id=\"wpcf7-69ebf1ef7f12d-field\"  class=\"wpcf7-form-control wpcf7-text\" type=\"text\" name=\"Vorname\" value=\"\" size=\"40\" tabindex=\"-1\" autocomplete=\"new-password\" \/><\/span>\n<\/p>\n<p><span class=\"wpcf7-form-control-wrap\" data-name=\"your-message\"><textarea cols=\"40\" rows=\"8\" maxlength=\"2000\" class=\"wpcf7-form-control wpcf7-textarea wpcf7-validates-as-required\" aria-required=\"true\" aria-invalid=\"false\" placeholder=\"Nachricht - Message*\" name=\"your-message\"><\/textarea><\/span>\n<\/p>\n<p><span class=\"wpcf7-form-control-wrap kc_captcha\" data-name=\"kc_captcha\"><span class=\"wpcf7-form-control wpcf7-radio\"><span class=\"captcha-image\" ><span class=\"cf7ic_instructions\">Bitte beweise, dass du kein Spambot bist und w\u00e4hle das Symbol<span> Schl\u00fcssel<\/span>.<\/span><label><input aria-label=\"1\" type=\"radio\" name=\"kc_captcha\" value=\"bot\" \/><svg aria-hidden=\"true\" role=\"img\" xmlns=\"http:\/\/www.w3.org\/2000\/svg\" viewBox=\"0 0 576 512\"><path fill=\"currentColor\" d=\"M415 24c-53 0-103 42-127 65-24-23-74-65-127-65C70 24 16 77 16 166c0 72 67 133 69 135l187 181c9 8 23 8 32 0l187-180c2-3 69-64 69-136 0-89-54-142-145-142z\"\/><\/svg><\/label><label><input aria-label=\"2\" type=\"radio\" name=\"kc_captcha\" value=\"kc_human\" \/><svg aria-hidden=\"true\" role=\"img\" xmlns=\"http:\/\/www.w3.org\/2000\/svg\" viewBox=\"0 0 512 512\"><path fill=\"currentColor\" d=\"M512 176a176 176 0 01-209 173l-24 27a24 24 0 01-18 8h-37v40c0 13-11 24-24 24h-40v40c0 13-11 24-24 24H24c-13 0-24-11-24-24v-78c0-6 3-13 7-17l162-162a176 176 0 11343-55zm-176-48a48 48 0 1096 0 48 48 0 00-96 0z\"\/><\/svg><\/label><label><input aria-label=\"3\" type=\"radio\" name=\"kc_captcha\" value=\"bot\" \/><svg aria-hidden=\"true\" role=\"img\" xmlns=\"http:\/\/www.w3.org\/2000\/svg\" viewBox=\"0 0 576 512\"><path fill=\"currentColor\" d=\"M472 200H360L256 6a12 12 0 00-10-6h-58c-8 0-14 7-12 15l34 185H100l-35-58a12 12 0 00-10-6H12c-8 0-13 7-12 14l21 106L0 362c-1 7 4 14 12 14h43c4 0 8-2 10-6l35-58h110l-34 185c-2 8 4 15 12 15h58a12 12 0 0010-6l104-194h112c57 0 104-25 104-56s-47-56-104-56z\"\/><\/svg><\/label>\r\n    <\/span>\r\n    <span style=\"display:none\">\r\n        <input type=\"text\" name=\"kc_honeypot\">\r\n    <\/span><\/span><\/span>\n<\/p>\n<p><span class=\"wpcf7-form-control-wrap\" data-name=\"acceptance-252\"><span class=\"wpcf7-form-control wpcf7-acceptance\"><span class=\"wpcf7-list-item\"><label><input type=\"checkbox\" name=\"acceptance-252\" value=\"1\" aria-invalid=\"false\" \/><span class=\"wpcf7-list-item-label\">Ich willige in die <a style=\"color: #d41c33;\" target=\"_blank\" href=\"https:\/\/troekes.com\/datenschutzerklaerung\/\">Datenschutzerkl\u00e4rung<\/a> ein. - I agree to the <a style=\"color: #d41c33;\" target=\"_blank\" href=\"https:\/\/troekes.com\/en\/data-protection-declaration\/\">privacy policy<\/a>.<\/span><\/label><\/span><\/span><\/span>\n<\/p>\n<p><input class=\"wpcf7-form-control wpcf7-submit has-spinner btn btn-accent\" type=\"submit\" value=\"Senden\" \/>\n<\/p><div class=\"wpcf7-response-output\" aria-hidden=\"true\"><\/div>\n<\/form>\n<\/div>\n[\/vc_column][vc_column column_width_percent=&#8221;100&#8243; gutter_size=&#8221;3&#8243; back_color=&#8221;color-xsdn&#8221; overlay_alpha=&#8221;50&#8243; shift_x=&#8221;0&#8243; shift_y=&#8221;0&#8243; shift_y_down=&#8221;0&#8243; z_index=&#8221;0&#8243; medium_width=&#8221;0&#8243; mobile_width=&#8221;0&#8243; width=&#8221;3\/6&#8243;][vc_custom_heading text_size=&#8221;h4&#8243;]Register a new art work of Heinz Tr\u00f6kes[\/vc_custom_heading]\n<div class=\"wpcf7 no-js\" id=\"wpcf7-f10724-o2\" lang=\"de-DE\" dir=\"ltr\" data-wpcf7-id=\"10724\">\n<div class=\"screen-reader-response\"><p role=\"status\" aria-live=\"polite\" aria-atomic=\"true\"><\/p> <ul><\/ul><\/div>\n<form action=\"\/en\/wp-json\/wp\/v2\/pages\/17909#wpcf7-f10724-o2\" method=\"post\" class=\"wpcf7-form init\" aria-label=\"Kontaktformular\" enctype=\"multipart\/form-data\" novalidate=\"novalidate\" data-status=\"init\">\n<fieldset class=\"hidden-fields-container\"><input type=\"hidden\" name=\"_wpcf7\" value=\"10724\" \/><input type=\"hidden\" name=\"_wpcf7_version\" value=\"6.1.5\" \/><input type=\"hidden\" name=\"_wpcf7_locale\" value=\"de_DE\" \/><input type=\"hidden\" name=\"_wpcf7_unit_tag\" value=\"wpcf7-f10724-o2\" \/><input type=\"hidden\" name=\"_wpcf7_container_post\" value=\"0\" \/><input type=\"hidden\" name=\"_wpcf7_posted_data_hash\" value=\"\" \/>\n<\/fieldset>\n<p>Angaben zum Bild - Details of the work\n<\/p>\n<p><span class=\"wpcf7-form-control-wrap\" data-name=\"TiteldesWerks\"><input size=\"40\" maxlength=\"400\" class=\"wpcf7-form-control wpcf7-text\" aria-invalid=\"false\" placeholder=\"Titel - Title\" value=\"\" type=\"text\" name=\"TiteldesWerks\" \/><\/span>\n<\/p>\n<div class=\"wpcf7-inline-wrapper\">\n\t<p class=\"wpcf7-inline-field\"><span class=\"wpcf7-form-control-wrap\" data-name=\"Technik\"><input size=\"40\" maxlength=\"400\" class=\"wpcf7-form-control wpcf7-text\" aria-invalid=\"false\" placeholder=\"Technik - Medium\" value=\"\" type=\"text\" name=\"Technik\" \/><\/span>\n\t<\/p>\n\t<p class=\"wpcf7-inline-field\"><span class=\"wpcf7-form-control-wrap\" data-name=\"Format\"><input size=\"40\" maxlength=\"400\" class=\"wpcf7-form-control wpcf7-text\" aria-invalid=\"false\" placeholder=\"Format - Dimensions (metric)\" value=\"\" type=\"text\" name=\"Format\" \/><\/span>\n\t<\/p>\n<\/div>\n<div class=\"wpcf7-inline-wrapper\">\n\t<p class=\"wpcf7-inline-field\"><span class=\"wpcf7-form-control-wrap\" data-name=\"Datum\"><input size=\"40\" maxlength=\"400\" class=\"wpcf7-form-control wpcf7-text\" aria-invalid=\"false\" placeholder=\"Datum, Jahr - date, year\" value=\"\" type=\"text\" name=\"Datum\" \/><\/span>\n\t<\/p>\n\t<p class=\"wpcf7-inline-field\"><span class=\"wpcf7-form-control-wrap\" data-name=\"Provenienz\"><input size=\"40\" maxlength=\"400\" class=\"wpcf7-form-control wpcf7-text\" aria-invalid=\"false\" placeholder=\"Provenienz - Provenance\" value=\"\" type=\"text\" name=\"Provenienz\" \/><\/span>\n\t<\/p>\n<\/div>\n<p><span id=\"wpcf7-69ebf1ef87f4a-wrapper\" class=\"wpcf7-form-control-wrap Vorname-wrap\" style=\"display:none !important; visibility:hidden !important;\"><label for=\"wpcf7-69ebf1ef87f4a-field\" class=\"hp-message\">Bitte lasse dieses Feld leer.<\/label><input id=\"wpcf7-69ebf1ef87f4a-field\"  class=\"wpcf7-form-control wpcf7-text\" type=\"text\" name=\"Vorname\" value=\"\" size=\"40\" tabindex=\"-1\" autocomplete=\"new-password\" \/><\/span>\n<\/p>\n<p><span class=\"wpcf7-form-control-wrap\" data-name=\"Bezeichnung\"><textarea cols=\"40\" rows=\"4\" maxlength=\"2000\" class=\"wpcf7-form-control wpcf7-textarea\" aria-invalid=\"false\" placeholder=\"Bezeichnung - denomination\" name=\"Bezeichnung\"><\/textarea><\/span>\n<\/p>\n<p>Bitte senden Sie uns drei Bilder - Please send us three images.\n<\/p>\n<p><small style=\"font-size: 15px; font-weight: 400;\">Minimum 72 dpi, maximale L\u00e4nge 1024 Pixel - min. 72 dpi, max length 1024 pixel,<br \/>\nmaximale Dateigr\u00f6\u00dfe pro Datei 5 MB - maximum file size per file 5 MB<\/small>\n<\/p>\n<p>1. Bild Vorderseite - 1. front picture <span class=\"wpcf7-form-control-wrap\" data-name=\"Vorderseite\"><input size=\"40\" class=\"wpcf7-form-control wpcf7-file\" accept=\".gif,.png,.jpg,.jpeg,.pdf\" aria-invalid=\"false\" type=\"file\" name=\"Vorderseite\" \/><\/span>\n<\/p>\n<p>2. Bild nur Signatur - 2. signature only <span class=\"wpcf7-form-control-wrap\" data-name=\"Signatur\"><input size=\"40\" class=\"wpcf7-form-control wpcf7-file\" accept=\".gif,.png,.jpg,.jpeg,.pdf\" aria-invalid=\"false\" type=\"file\" name=\"Signatur\" \/><\/span>\n<\/p>\n<p>3. Bild R\u00fcckseite - 3. back-side picture <span class=\"wpcf7-form-control-wrap\" data-name=\"Rueckseite\"><input size=\"40\" class=\"wpcf7-form-control wpcf7-file\" accept=\".gif,.png,.jpg,.jpeg,.pdf\" aria-invalid=\"false\" type=\"file\" name=\"Rueckseite\" \/><\/span>\n<\/p>\n<hr style=\"border-color: #000;\" \/>\n<p>Angaben zu Ihrer Person - personal details\n<\/p>\n<p><span class=\"wpcf7-form-control-wrap\" data-name=\"your-name\"><input size=\"40\" maxlength=\"400\" class=\"wpcf7-form-control wpcf7-text wpcf7-validates-as-required\" aria-required=\"true\" aria-invalid=\"false\" placeholder=\"Name*\" value=\"\" type=\"text\" name=\"your-name\" \/><\/span>\n<\/p>\n<div class=\"wpcf7-inline-wrapper\">\n\t<p class=\"wpcf7-inline-field\"><span class=\"wpcf7-form-control-wrap\" data-name=\"your-email\"><input size=\"40\" maxlength=\"400\" class=\"wpcf7-form-control wpcf7-email wpcf7-validates-as-required wpcf7-text wpcf7-validates-as-email\" aria-required=\"true\" aria-invalid=\"false\" placeholder=\"E-Mail*\" value=\"\" type=\"email\" name=\"your-email\" \/><\/span>\n\t<\/p>\n\t<p class=\"wpcf7-inline-field\"><span class=\"wpcf7-form-control-wrap\" data-name=\"your-telephone\"><input size=\"40\" maxlength=\"400\" class=\"wpcf7-form-control wpcf7-text form-fluid\" aria-invalid=\"false\" placeholder=\"Telefon - Telephone\" value=\"\" type=\"text\" name=\"your-telephone\" \/><\/span>\n\t<\/p>\n<\/div>\n<p><span class=\"wpcf7-form-control-wrap\" data-name=\"your-message\"><textarea cols=\"40\" rows=\"4\" maxlength=\"2000\" class=\"wpcf7-form-control wpcf7-textarea wpcf7-validates-as-required\" aria-required=\"true\" aria-invalid=\"false\" placeholder=\"Nachricht - Message*\" name=\"your-message\"><\/textarea><\/span>\n<\/p>\n<p><span class=\"wpcf7-form-control-wrap kc_captcha\" data-name=\"kc_captcha\"><span class=\"wpcf7-form-control wpcf7-radio\"><span class=\"captcha-image\" ><span class=\"cf7ic_instructions\">Bitte beweise, dass du kein Spambot bist und w\u00e4hle das Symbol<span> Auto<\/span>.<\/span><label><input aria-label=\"1\" type=\"radio\" name=\"kc_captcha\" value=\"bot\" \/><svg aria-hidden=\"true\" role=\"img\" xmlns=\"http:\/\/www.w3.org\/2000\/svg\" viewBox=\"0 0 576 512\"><path fill=\"currentColor\" d=\"M259 18l-65 132-146 22c-26 3-37 36-18 54l106 103-25 146c-5 26 23 46 46 33l131-68 131 68c23 13 51-7 46-33l-25-146 106-103c19-18 8-51-18-54l-146-22-65-132a32 32 0 00-58 0z\"\/><\/svg><\/label><label><input aria-label=\"2\" type=\"radio\" name=\"kc_captcha\" value=\"kc_human\" \/><svg aria-hidden=\"true\" role=\"img\" xmlns=\"http:\/\/www.w3.org\/2000\/svg\" viewBox=\"0 0 512 512\"><path fill=\"currentColor\" d=\"M500 168h-55l-8-21a127 127 0 00-120-83H195a127 127 0 00-120 83l-8 21H12c-8 0-14 8-11 16l8 24a12 12 0 0011 8h29a64 64 0 00-33 56v48c0 16 6 31 16 42v62c0 13 11 24 24 24h48c13 0 24-11 24-24v-40h256v40c0 13 11 24 24 24h48c13 0 24-11 24-24v-62c10-11 16-26 16-42v-48c0-24-13-45-33-56h29a12 12 0 0011-8l8-24c3-8-3-16-11-16zm-365 2c9-25 33-42 60-42h122c27 0 51 17 60 42l15 38H120l15-38zM88 328a32 32 0 010-64c18 0 48 30 48 48s-30 16-48 16zm336 0c-18 0-48 2-48-16s30-48 48-48 32 14 32 32-14 32-32 32z\"\/><\/svg><\/label><label><input aria-label=\"3\" type=\"radio\" name=\"kc_captcha\" value=\"bot\" \/><svg aria-hidden=\"true\" role=\"img\" xmlns=\"http:\/\/www.w3.org\/2000\/svg\" viewBox=\"0 0 512 512\"><path fill=\"currentColor\" d=\"M512 176a176 176 0 01-209 173l-24 27a24 24 0 01-18 8h-37v40c0 13-11 24-24 24h-40v40c0 13-11 24-24 24H24c-13 0-24-11-24-24v-78c0-6 3-13 7-17l162-162a176 176 0 11343-55zm-176-48a48 48 0 1096 0 48 48 0 00-96 0z\"\/><\/svg><\/label>\r\n    <\/span>\r\n    <span style=\"display:none\">\r\n        <input type=\"text\" name=\"kc_honeypot\">\r\n    <\/span><\/span><\/span>\n<\/p>\n<p><span class=\"wpcf7-form-control-wrap\" data-name=\"acceptance-252\"><span class=\"wpcf7-form-control wpcf7-acceptance\"><span class=\"wpcf7-list-item\"><label><input type=\"checkbox\" name=\"acceptance-252\" value=\"1\" aria-invalid=\"false\" \/><span class=\"wpcf7-list-item-label\">Ich willige in die <a style=\"color: #d41c33;\" target=\"_blank\" href=\"https:\/\/troekes.com\/datenschutzerklaerung\/\">Datenschutzerkl\u00e4rung<\/a> ein. - I agree to the <a style=\"color: #d41c33;\" target=\"_blank\" href=\"https:\/\/troekes.com\/en\/data-protection-declaration\/\">privacy policy<\/a>.<\/span><\/label><\/span><\/span><\/span>\n<\/p>\n<p><input class=\"wpcf7-form-control wpcf7-submit has-spinner btn btn-accent\" type=\"submit\" value=\"Senden\" \/>\n<\/p><div class=\"wpcf7-response-output\" aria-hidden=\"true\"><\/div>\n<\/form>\n<\/div>\n[\/vc_column][\/vc_row]<\/p>\n<\/div>","protected":false},"excerpt":{"rendered":"<p>[vc_row unlock_row_content=&#8221;yes&#8221; row_height_percent=&#8221;0&#8243; override_padding=&#8221;yes&#8221; h_padding=&#8221;2&#8243; top_padding=&#8221;1&#8243; bottom_padding=&#8221;1&#8243; back_color=&#8221;color-xsdn&#8221; overlay_alpha=&#8221;50&#8243; gutter_size=&#8221;3&#8243; column_width_percent=&#8221;100&#8243; shift_y=&#8221;0&#8243; z_index=&#8221;0&#8243; row_height_pixel=&#8221;45&#8243;][vc_column column_width_percent=&#8221;100&#8243; align_horizontal=&#8221;align_right&#8221; gutter_size=&#8221;3&#8243; overlay_alpha=&#8221;50&#8243; shift_x=&#8221;0&#8243; shift_y=&#8221;0&#8243; [&hellip;]<\/p>\n","protected":false},"author":1,"featured_media":0,"parent":0,"menu_order":0,"comment_status":"closed","ping_status":"closed","template":"","meta":{"footnotes":""},"class_list":["post-17909","page","type-page","status-publish","hentry"],"yoast_head":"<!-- This site is optimized with the Yoast SEO plugin v27.4 - https:\/\/yoast.com\/product\/yoast-seo-wordpress\/ -->\n<title>Heinz Tr\u00f6kes (Heinz Troekes) - painter, post-war - contact with the archive<\/title>\n<meta name=\"description\" content=\"Heinz Tr\u00f6kes, (* 15.8.1913 in Hamborn\/Duisburg, \u2020 21.4.1997 in Berlin) \u2013 Please contact us in case of questions or art-work not listed in the catalogue\" \/>\n<meta name=\"robots\" content=\"index, follow, max-snippet:-1, max-image-preview:large, max-video-preview:-1\" \/>\n<link rel=\"canonical\" href=\"https:\/\/troekes.com\/en\/contact\/\" \/>\n<meta property=\"og:locale\" content=\"en_US\" \/>\n<meta property=\"og:type\" content=\"article\" \/>\n<meta property=\"og:title\" content=\"Heinz Tr\u00f6kes (Heinz Troekes) - painter, post-war - contact with the archive\" \/>\n<meta property=\"og:description\" content=\"Heinz Tr\u00f6kes, (* 15.8.1913 in Hamborn\/Duisburg, \u2020 21.4.1997 in Berlin) \u2013 Please contact us in case of questions or art-work not listed in the catalogue\" \/>\n<meta property=\"og:url\" content=\"https:\/\/troekes.com\/en\/contact\/\" \/>\n<meta property=\"og:site_name\" content=\"Heinz Tr\u00f6kes\" \/>\n<meta property=\"article:modified_time\" content=\"2025-01-17T17:29:21+00:00\" \/>\n<meta name=\"twitter:card\" content=\"summary_large_image\" \/>\n<meta name=\"twitter:label1\" content=\"Est. reading time\" \/>\n\t<meta name=\"twitter:data1\" content=\"2 minutes\" \/>\n<script type=\"application\/ld+json\" class=\"yoast-schema-graph\">{\"@context\":\"https:\\\/\\\/schema.org\",\"@graph\":[{\"@type\":\"WebPage\",\"@id\":\"https:\\\/\\\/troekes.com\\\/en\\\/contact\\\/\",\"url\":\"https:\\\/\\\/troekes.com\\\/en\\\/contact\\\/\",\"name\":\"Heinz Tr\u00f6kes (Heinz Troekes) - painter, post-war - contact with the archive\",\"isPartOf\":{\"@id\":\"https:\\\/\\\/troekes.com\\\/#website\"},\"datePublished\":\"2018-06-08T10:01:02+00:00\",\"dateModified\":\"2025-01-17T17:29:21+00:00\",\"description\":\"Heinz Tr\u00f6kes, (* 15.8.1913 in Hamborn\\\/Duisburg, \u2020 21.4.1997 in Berlin) \u2013 Please contact us in case of questions or art-work not listed in the catalogue\",\"breadcrumb\":{\"@id\":\"https:\\\/\\\/troekes.com\\\/en\\\/contact\\\/#breadcrumb\"},\"inLanguage\":\"en-US\",\"potentialAction\":[{\"@type\":\"ReadAction\",\"target\":[\"https:\\\/\\\/troekes.com\\\/en\\\/contact\\\/\"]}]},{\"@type\":\"BreadcrumbList\",\"@id\":\"https:\\\/\\\/troekes.com\\\/en\\\/contact\\\/#breadcrumb\",\"itemListElement\":[{\"@type\":\"ListItem\",\"position\":1,\"name\":\"Startseite\",\"item\":\"https:\\\/\\\/troekes.com\\\/en\\\/\"},{\"@type\":\"ListItem\",\"position\":2,\"name\":\"Contact\"}]},{\"@type\":\"WebSite\",\"@id\":\"https:\\\/\\\/troekes.com\\\/#website\",\"url\":\"https:\\\/\\\/troekes.com\\\/\",\"name\":\"Heinz Tr\u00f6kes\",\"description\":\"Werkverzeichnis\",\"publisher\":{\"@id\":\"https:\\\/\\\/troekes.com\\\/#organization\"},\"potentialAction\":[{\"@type\":\"SearchAction\",\"target\":{\"@type\":\"EntryPoint\",\"urlTemplate\":\"https:\\\/\\\/troekes.com\\\/?s={search_term_string}\"},\"query-input\":{\"@type\":\"PropertyValueSpecification\",\"valueRequired\":true,\"valueName\":\"search_term_string\"}}],\"inLanguage\":\"en-US\"},{\"@type\":\"Organization\",\"@id\":\"https:\\\/\\\/troekes.com\\\/#organization\",\"name\":\"Tr\u00f6kes-Archiv\",\"url\":\"https:\\\/\\\/troekes.com\\\/\",\"logo\":{\"@type\":\"ImageObject\",\"inLanguage\":\"en-US\",\"@id\":\"https:\\\/\\\/troekes.com\\\/#\\\/schema\\\/logo\\\/image\\\/\",\"url\":\"https:\\\/\\\/troekes.com\\\/wp-content\\\/uploads\\\/2018\\\/06\\\/tr-logo-dark@2x.png\",\"contentUrl\":\"https:\\\/\\\/troekes.com\\\/wp-content\\\/uploads\\\/2018\\\/06\\\/tr-logo-dark@2x.png\",\"width\":803,\"height\":193,\"caption\":\"Tr\u00f6kes-Archiv\"},\"image\":{\"@id\":\"https:\\\/\\\/troekes.com\\\/#\\\/schema\\\/logo\\\/image\\\/\"}}]}<\/script>\n<!-- \/ Yoast SEO plugin. -->","yoast_head_json":{"title":"Heinz Tr\u00f6kes (Heinz Troekes) - painter, post-war - contact with the archive","description":"Heinz Tr\u00f6kes, (* 15.8.1913 in Hamborn\/Duisburg, \u2020 21.4.1997 in Berlin) \u2013 Please contact us in case of questions or art-work not listed in the catalogue","robots":{"index":"index","follow":"follow","max-snippet":"max-snippet:-1","max-image-preview":"max-image-preview:large","max-video-preview":"max-video-preview:-1"},"canonical":"https:\/\/troekes.com\/en\/contact\/","og_locale":"en_US","og_type":"article","og_title":"Heinz Tr\u00f6kes (Heinz Troekes) - painter, post-war - contact with the archive","og_description":"Heinz Tr\u00f6kes, (* 15.8.1913 in Hamborn\/Duisburg, \u2020 21.4.1997 in Berlin) \u2013 Please contact us in case of questions or art-work not listed in the catalogue","og_url":"https:\/\/troekes.com\/en\/contact\/","og_site_name":"Heinz Tr\u00f6kes","article_modified_time":"2025-01-17T17:29:21+00:00","twitter_card":"summary_large_image","twitter_misc":{"Est. reading time":"2 minutes"},"schema":{"@context":"https:\/\/schema.org","@graph":[{"@type":"WebPage","@id":"https:\/\/troekes.com\/en\/contact\/","url":"https:\/\/troekes.com\/en\/contact\/","name":"Heinz Tr\u00f6kes (Heinz Troekes) - painter, post-war - contact with the archive","isPartOf":{"@id":"https:\/\/troekes.com\/#website"},"datePublished":"2018-06-08T10:01:02+00:00","dateModified":"2025-01-17T17:29:21+00:00","description":"Heinz Tr\u00f6kes, (* 15.8.1913 in Hamborn\/Duisburg, \u2020 21.4.1997 in Berlin) \u2013 Please contact us in case of questions or art-work not listed in the catalogue","breadcrumb":{"@id":"https:\/\/troekes.com\/en\/contact\/#breadcrumb"},"inLanguage":"en-US","potentialAction":[{"@type":"ReadAction","target":["https:\/\/troekes.com\/en\/contact\/"]}]},{"@type":"BreadcrumbList","@id":"https:\/\/troekes.com\/en\/contact\/#breadcrumb","itemListElement":[{"@type":"ListItem","position":1,"name":"Startseite","item":"https:\/\/troekes.com\/en\/"},{"@type":"ListItem","position":2,"name":"Contact"}]},{"@type":"WebSite","@id":"https:\/\/troekes.com\/#website","url":"https:\/\/troekes.com\/","name":"Heinz Tr\u00f6kes","description":"Werkverzeichnis","publisher":{"@id":"https:\/\/troekes.com\/#organization"},"potentialAction":[{"@type":"SearchAction","target":{"@type":"EntryPoint","urlTemplate":"https:\/\/troekes.com\/?s={search_term_string}"},"query-input":{"@type":"PropertyValueSpecification","valueRequired":true,"valueName":"search_term_string"}}],"inLanguage":"en-US"},{"@type":"Organization","@id":"https:\/\/troekes.com\/#organization","name":"Tr\u00f6kes-Archiv","url":"https:\/\/troekes.com\/","logo":{"@type":"ImageObject","inLanguage":"en-US","@id":"https:\/\/troekes.com\/#\/schema\/logo\/image\/","url":"https:\/\/troekes.com\/wp-content\/uploads\/2018\/06\/tr-logo-dark@2x.png","contentUrl":"https:\/\/troekes.com\/wp-content\/uploads\/2018\/06\/tr-logo-dark@2x.png","width":803,"height":193,"caption":"Tr\u00f6kes-Archiv"},"image":{"@id":"https:\/\/troekes.com\/#\/schema\/logo\/image\/"}}]}},"_links":{"self":[{"href":"https:\/\/troekes.com\/en\/wp-json\/wp\/v2\/pages\/17909","targetHints":{"allow":["GET"]}}],"collection":[{"href":"https:\/\/troekes.com\/en\/wp-json\/wp\/v2\/pages"}],"about":[{"href":"https:\/\/troekes.com\/en\/wp-json\/wp\/v2\/types\/page"}],"author":[{"embeddable":true,"href":"https:\/\/troekes.com\/en\/wp-json\/wp\/v2\/users\/1"}],"replies":[{"embeddable":true,"href":"https:\/\/troekes.com\/en\/wp-json\/wp\/v2\/comments?post=17909"}],"version-history":[{"count":2,"href":"https:\/\/troekes.com\/en\/wp-json\/wp\/v2\/pages\/17909\/revisions"}],"predecessor-version":[{"id":42725,"href":"https:\/\/troekes.com\/en\/wp-json\/wp\/v2\/pages\/17909\/revisions\/42725"}],"wp:attachment":[{"href":"https:\/\/troekes.com\/en\/wp-json\/wp\/v2\/media?parent=17909"}],"curies":[{"name":"wp","href":"https:\/\/api.w.org\/{rel}","templated":true}]}}