{"id":17880,"date":"2018-07-02T15:38:07","date_gmt":"2018-07-02T13:38:07","guid":{"rendered":"https:\/\/troekes.com\/heinz-troekes-en\/bibliographie\/"},"modified":"2025-12-18T12:57:16","modified_gmt":"2025-12-18T11:57:16","slug":"bibliography","status":"publish","type":"page","link":"https:\/\/troekes.com\/en\/heinz-troekes\/bibliography\/","title":{"rendered":"Bibliography"},"content":{"rendered":"<div class=\"wpb-content-wrapper\"><p>[vc_row unlock_row_content=&#8221;yes&#8221; row_height_percent=&#8221;0&#8243; override_padding=&#8221;yes&#8221; h_padding=&#8221;2&#8243; top_padding=&#8221;1&#8243; bottom_padding=&#8221;1&#8243; back_color=&#8221;color-xsdn&#8221; overlay_alpha=&#8221;50&#8243; gutter_size=&#8221;3&#8243; column_width_percent=&#8221;100&#8243; shift_y=&#8221;0&#8243; z_index=&#8221;0&#8243; medium_visibility=&#8221;yes&#8221; mobile_visibility=&#8221;yes&#8221; css=&#8221;.vc_custom_1539938347118{padding-top: 10px !important;padding-bottom: 10px !important;}&#8221;][vc_column column_width_percent=&#8221;100&#8243; align_horizontal=&#8221;align_right&#8221; gutter_size=&#8221;3&#8243; overlay_alpha=&#8221;50&#8243; shift_x=&#8221;0&#8243; shift_y=&#8221;0&#8243; shift_y_down=&#8221;0&#8243; z_index=&#8221;0&#8243; medium_width=&#8221;0&#8243; mobile_width=&#8221;0&#8243; width=&#8221;1\/1&#8243;][vc_wp_custommenu nav_menu=&#8221;336&#8243; nav_menu_horizontal=&#8221;1&#8243;][\/vc_column][\/vc_row][vc_section back_color=&#8221;color-143261&#8243; back_image=&#8221;50&#8243; back_repeat=&#8221;repeat&#8221; back_position=&#8221;center top&#8221; overlay_alpha=&#8221;50&#8243; back_size=&#8221;200px 20px&#8221;][vc_row unlock_row_content=&#8221;yes&#8221; row_height_percent=&#8221;0&#8243; override_padding=&#8221;yes&#8221; h_padding=&#8221;4&#8243; top_padding=&#8221;3&#8243; bottom_padding=&#8221;3&#8243; overlay_alpha=&#8221;50&#8243; gutter_size=&#8221;4&#8243; column_width_percent=&#8221;100&#8243; shift_y=&#8221;0&#8243; z_index=&#8221;0&#8243; row_name=&#8221;a&#8221;][vc_column width=&#8221;1\/3&#8243;][vc_column_text]<strong>\u201cA source of inspiration over<\/strong> the course of his life was his many travels and literature, which he in some cases illustrated as special editions, such as the poems of G\u00e9rard de Nerval in 1963. Numerous volumes on South American and Asian cultures and works of art, which the author adopted at an early date, are found in his estate. For Tr\u00f6kes, painting and drawing involves not only the reproduction of that observed, but instead also always reflection upon that thought: \u2018For Tr\u00f6kes, being a painter also means being a thinking person, a spectator with open eyes, for whom painting unites with the other arts\u2019, is how the French art critic Alain Bosquet formulated it in 1951\u201d.<\/p>\n<blockquote><p>Dorothea Sch\u00f6ne, Heinz Tr\u00f6kes \u2013 Das grafische Werk [The graphics], Berlin 2018. (Text abbreviated).\u00a0 Alain Bosquet, cited from: Heinz Tr\u00f6kes. Bilder aus Paris, Begleitheft zur Ausstellung Maison de France [Works from Paris, booklet for the Maison de France exhibition], Berlin 1951, no page number<\/p><\/blockquote>\n<p>[\/vc_column_text][\/vc_column][vc_column column_width_percent=&#8221;100&#8243; gutter_size=&#8221;3&#8243; overlay_alpha=&#8221;50&#8243; shift_x=&#8221;0&#8243; shift_y=&#8221;0&#8243; shift_y_down=&#8221;0&#8243; z_index=&#8221;0&#8243; medium_width=&#8221;0&#8243; mobile_width=&#8221;0&#8243; width=&#8221;2\/3&#8243;][vc_tabs uncode_shortcode_id=&#8221;109548&#8243;][vc_tab title=&#8221;A \u2013 F&#8221; tab_id=&#8221;1548768382-1-35&#8243;][vc_column_text uncode_shortcode_id=&#8221;157601&#8243;]<strong>Almanach 1947<\/strong>\u00a0\u2013 Dem Freundeskreis der Galerie Gerd Rosen, Berlin 1947<\/p>\n<p><strong>Barron, Stephanie und Eckmann, Sabine\u00a0<\/strong>\u2013 Kunst und Kalter Krieg: Deutsche Positionen 1945-89 \/ also in englisch version: Art of Two Germanys: Cold War Cultures<\/p>\n<p><strong>Brunzlow, Ingo<\/strong> \u2013 Aufbruch oder Krise ? Private Kunstgalerien in West-Berlin zwischen Kriegsende und Mauerbauch (1945\u20131961), Hamburg 2021<\/p>\n<p><strong>B\u00fcttner, Nils und Lehnert, Volker<\/strong> &#8211; Hrsg. Die Sch\u00e4rfe der Bilder &#8211; Die Radierung im Umkreis der Stuttgarter Akademie, Stuttgart 2015<\/p>\n<p><strong>Demisch, Heinz<\/strong> \u2013 Vision und Mythos in der modernen Kunst, Stuttgart 1959<\/p>\n<p><strong>Die Galerie des 20. Jahrhunderts<\/strong> in Berlin 1945-1968. Der Weg zur Neuen Nationalgalerie. Mit Beitr\u00e4gen von Ch. Thomson, H. Strzoda, P. Winter, A. Jannasch und einem Bestandsverzeichnis. Deutscher Kunstverlag, Berlin, M\u00fcnchen 2015<\/p>\n<p><strong>Dinkla, S\u00f6ke<\/strong> \u2013 Eldorado, eine neue Welt. (dt\/en) In: Heinz Tr\u00f6kes, Eldorado, Kat. Lehmbruck Museum, Duisburg 2013<\/p>\n<p><strong>Fastert, Sabine<\/strong> \u2013 Spontaneit\u00e4t und Reflexion &#8211; Konzepte vom K\u00fcnstler in der Bundesrepublik Deutschland von 1945 bis 1960. Deutscher Kunstverlag, Berlin, M\u00fcnchen 2010.<\/p>\n<p><strong>Freisel, Johannes<\/strong> \u2013 Das Portr\u00e4t: Heinz Tr\u00f6kes. Manuskript des H\u00f6rspiels der Deutschen Welle. Abschrift des Einspielbandes 01269\/003, 1970[\/vc_column_text][\/vc_tab][vc_tab title=&#8221;G \u2013 J&#8221; tab_id=&#8221;1548768382-2-1&#8243;][vc_column_text uncode_shortcode_id=&#8221;674060&#8243;]<strong>Gillen, Eckhart; Schmidt, Diether<\/strong> \u2013 Zone 5. Kunst in der Viersektorenstadt 1945-1951, Berlinische Galerie \/ Museumsp\u00e4dagogischer Dienst, Berlin 1989<\/p>\n<p><strong>Glaser, Hermann<\/strong> \u2013 Zwischen Kapitulation und W\u00e4hrungsreform 1945-1948. Kulturgeschichte der Bundesrepublik Deutschland, Bd.1, M\u00fcnchen 1985<\/p>\n<p><strong>Glaser, Hermann; von Pufendorf, Lutz; Sch\u00f6neich, Michael (Hg.)<\/strong> \u2013 So viel Anfang war nie. Deutsche St\u00e4dte 1945-1949, Siedler Verlag, Berlin 1989<\/p>\n<p><strong>Gonz\u00e1lez de Durana, Javier; Schmidt, Sabine Maria<\/strong> \u2013 Tan cerca, tan lejos. Pintura en Alemania y Espa\u00f1a, 1945-1960; ARTIUM, 2002<\/p>\n<p><strong>Grasskamp, Walter<\/strong>\u00a0\u2013 Gespr\u00e4che mit Ben Willikens. Der Raum als Bild, Hatje Cantz, Stuttgart 2012<\/p>\n<p><strong>Grohmann, Will<\/strong> \u2013 Dix jeunes artistes. Heinz Tr\u00f6kes, in: Quadrum, 1, S. 188\/189,\u00a01956<\/p>\n<p><strong>Grohmann, Will<\/strong> \u2013 Neue Kunst nach 1945. Malerei, K\u00f6ln 1958<\/p>\n<p><strong>Grohmann, Will<\/strong> \u2013 Heinz Tr\u00f6kes, Kunstreihe des Safari-Verlages Berlin, Berlin 1959<\/p>\n<p><strong>Grohmann, Will<\/strong> \u2013 Im Netzwerk der Moderne. Katalog zur Ausstellung in den Staatlichen Kunstsammlungen &#8211; Kunsthalle im Lipsiusbau Dresden. Konstanze Rudert (Hrsg.), Hirmer Verlag, M\u00fcnchen 2012<\/p>\n<p><strong>Grohmann, Will<\/strong> \u2013 Texte zur Kunst der Moderne. Konstanze Rudert (Hrsg.), Hirmer Verlag, M\u00fcnchen 2012<\/p>\n<p><strong>H\u00e4ndler, Gerhard<\/strong> \u2013 Deutsche Maler der Gegenwart, Berlin 1956<\/p>\n<p><strong>H\u00e4ndler, Gerhard<\/strong> \u2013 Heinz Tr\u00f6kes. Gem\u00e4lde, Zeichnungen, Grafik, Ausst.Kat. Wilhelm-Lehmbruck-Museum, Duisburg 1967<\/p>\n<p><strong>Haftmann, Werner<\/strong> \u2013 Heinz Tr\u00f6kes, in: Tr\u00f6kes. Bilder, Zeichnungen, Graphik, Ausst.Kat. W\u00fcrttembergischer Kunstverein Stuttgart, Kunstgeb\u00e4ude am Schlo\u00dfplatz, Stuttgart 1964<\/p>\n<p><strong>Haftmann, Werner<\/strong> \u2013 Malerei im 20. Jahrhundert. Eine Entwik-klungsgeschichte, 2 Bde., Prestel Verlag, 4. Aufl.\u00a0M\u00fcnchen 1984<\/p>\n<p><strong>Haftmann, Werner<\/strong> \u2013 Verfemte Kunst. Maler der inneren und \u00e4u\u00dferen Emigration, DuMont, K\u00f6ln 1986. Mit Abb. S. 294-295<\/p>\n<p><strong>Hahn, Peter; Krause, Markus (Hg.)<\/strong> \u2013 Kunst \u00fcber dem Realen. Hans Thiemann und die Berliner Fantasten, Ausst.Kat. Bauhaus-Archiv, Berlin 2000<\/p>\n<p><strong>Held, Jutta<\/strong> \u2013 Kunst und Kunstpolitik 1945-49. Kulturaufbau in Deutschland nach dem 2. Weltkrieg, Berlin 1981<\/p>\n<p><strong>Hinz, Anne Kathrin; Lotz, Rouven (Hg.); Zuschlag, Christoph<\/strong> \u2013 Paris 1955 \u2013 Deutsche Abstrakte im Zentrum der Moderne, Berlin 2025<\/p>\n<p><strong>H\u00f6cker, Karla<\/strong> \u2013 Die letzten und die ersten Tage. Berliner Aufzeichnungen 1945, Berlin 1966<\/p>\n<p><strong>Huth, Oskar<\/strong> \u2013 \u00dcberlebenslauf. Hrsg. Alf Trenk, Merve Verlag, Berlin 2001<\/p>\n<p><strong>J\u00e4hner, Harald<\/strong> \u2013 Wolfszeit. Deutschland und die Deutschen 1945\u20131955, rororo, Hamburg 2020[\/vc_column_text][\/vc_tab][vc_tab title=&#8221;K \u2013 O&#8221; tab_id=&#8221;1548768479290-2-7&#8243;][vc_column_text uncode_shortcode_id=&#8221;764255&#8243;]<strong>Kober, Karl Max<\/strong> \u2013 Die Kunst der fr\u00fchen Jahre 1945-1949, Leipzig 1989<\/p>\n<p><strong>Krajewski, Michael<\/strong> \u2013 Reisen als k\u00fcnstlerische Stimulanz &#8211; Heinz Tr\u00f6kes in Lateinamerika.(dt\/en) In: Heinz Tr\u00f6kes, Eldorado, Kat. Lehmbruck Museum, 2013<\/p>\n<p><strong>Krause, Markus<\/strong> \u2013 Galerie Gerd Rosen. Die Avantgarde in Berlin 1945-1950, Ars Nicolai, Berlin 1995<\/p>\n<p><strong>Krause, Markus<\/strong> \u2013 Galerie Bremer. Die fr\u00fchen Jahre 1946-1952. Kupfergraben Verlagsgesellschaft, Berlin 1996<\/p>\n<p><strong>Krause, Markus<\/strong> \u2013 \u201eStimulationen, um malen zu k\u00f6nnen, brauche ich nicht.&#8221; Bilder und Zeichnungen der sp\u00e4ten sechziger Jahre von Heinz Tr\u00f6kes, in: Heinz Tr\u00f6kes. \u00d6lbilder und Zeichnungen, Ausst.Kat. Galerie Utermann, Dortmund 1998<\/p>\n<p><strong>Krause, Markus (Hg.) <\/strong> \u2013 Heinz Tr\u00f6kes &#8211; Das Werkverzeichnis der \u00d6lbilder. Prestel Verlag, M\u00fcnchen 2003<\/p>\n<p><strong>Kuhn, Nicola<\/strong> &#8211; Rudolf Zwirner &#8211;\u00a0Ich wollte immer Gegenwart. Wienand Verlag, K\u00f6ln 2019<\/p>\n<p><strong>Kunsthaus Dahlem (Hg.)<\/strong> &#8211; Bilder und Zeiten &#8211; 75 Jahre Deutscher K\u00fcnstlerbund. Mit Beitr\u00e4gen von Philine Pahnke, Dorothea Sch\u00f6ne, u.a., Berlin 2024<\/p>\n<p><strong>Lindner, Brigitte <\/strong> \u2013 Heinz Tr\u00f6kes. Das gemalte Fr\u00fchwerk, Phil. Fakult\u00e4t, Rhein. Friedrich-Wilhelms-Univ. (Manuskript), Bonn 1996<\/p>\n<p><strong>Lindner, Gerd (Hg.) <\/strong> \u2013 Surrealismus in Deutschland? Kunst von 1919 bis 1949. Mit einem Essay von Michael Nungesser und Originaltexten von Max Ernst, Hans Bellmer, Gerd Lindner, Heinz Tr\u00f6kes u.v.a. Katalog der Ausstellung im Panoramamuseum, Bad Frankenhausen 2021<\/p>\n<p><strong>Nauhaus, Julia, M. (Hg.)<\/strong> \u2013 M\u00f6glichkeiten auf Blau, Heinz Tr\u00f6kes zum 100. Geburtstag &#8211; Aquarelle 1951-1992, Lindenau-Museum, Altenburg 2013[\/vc_column_text][\/vc_tab][vc_tab title=&#8221;P \u2013 T&#8221; tab_id=&#8221;1548768481018-3-9&#8243;][vc_column_text uncode_shortcode_id=&#8221;193745&#8243;]<strong>Reese, Beate (Hg.)<\/strong> \u2013 Befreite Moderne &#8211; Kunst in Deutschland 1945 &#8211; 1949, Deutscher Kunstverlag, M\u00fclheim a. R. 2015<\/p>\n<p><strong>Roh, Juliane <\/strong> \u2013 Meister der Graphik. Heinz Tr\u00f6kes, in: Die Kunst und das sch\u00f6ne Heim, H. 81, 1969<\/p>\n<p><strong>Roh, Juliane<\/strong> \u2013 Deutsche Kunst der 60er Jahre: Malerei, Collage, Op-Art, Graphik, M\u00fcnchen 1971<\/p>\n<p><strong>Romain, Lothar <\/strong> \u2013 Heinz Tr\u00f6kes. Die Lichtaugen zwischen Schlaf und Traum, in: K\u00fcnstler. Kritisches Lexikon der Gegenwart, H. 23, M\u00fcnchen 1993<\/p>\n<p><strong>Roth, Lynette; Voermann, Ilka<\/strong> \u2013 Inventur: Art in Germany, 1933-55 Harvard Art Museums Series, <span class=\"a-list-item\"><span class=\"a-text-bold\"> \u200e <\/span> Yale University Press<\/span>, 2018<\/p>\n<p><strong>Rothe, Wolfgang (Hg.)<\/strong> \u2013 Wegzeichen im Unbekannten. Neunzehn deutsche Maler zu Fragen der zeitgen\u00f6ssischen Kunst, Wolfgang Rothe Verlag, Heidelberg 1962<\/p>\n<p><strong>Schmidt, Philip Peter<\/strong> \u2013 Ist Kunst Erfindung ?\u00a0Ateliergespr\u00e4che mit 11 unterschiedlichen K\u00fcnstlern wie Max Kaus, Henry Moore, Volkmar Haase, Bernhard Heiliger, Heinz Tr\u00f6kes u.a. Vacat Verlag, Potsdam, 2011<\/p>\n<p><strong>Schneider, Angela<\/strong> \u2013 Surrealistische Tendenzen. In: Kunst in der Bundesrepublik Deutschland 1945-1985, Ausst.Kat. Staatliche Museen Preu\u00dfischer Kulturbesitz, Nationalgalerie, Berlin 1985<\/p>\n<p><strong>Sch\u00f6ne, Dorothea<\/strong> \u2013 Freie K\u00fcnstler in einer freien Stadt. ARS ET SCIENTIA, Bd.16; De Gruyter, Berlin\/Boston 2016<\/p>\n<p><strong>Schultze, Sabine<\/strong> \u2013 Begegnung mit Heinz Tr\u00f6kes, in: Der Kunsthandel, 12. Jg., 1967, Bd. 59, S. 16\/17<\/p>\n<p><strong>Schulz, Bernhard (Hg.)<\/strong> \u2013 Grauzonen Farbwelten. Kunst und Zeitbilder 1945-1955, Ausst.Kat. Neue Gesellschaft f\u00fcr bildende Kunst in der Staatlichen Kunsthalle, Berlin 1983<\/p>\n<p><strong>Siebenbrodt, Michael; Tr\u00f6kes, Manuel (Hg.)<\/strong> \u2013 Heinz Tr\u00f6kes, die fr\u00fchen Jahre. Katalog zur Ausstellung im Haus am Horn, Weimar 2013<\/p>\n<p><strong>St\u00f6lzl, Gunta &amp; Itten, Johannes<\/strong> &#8211; Textile Universen. Anl\u00e4sslich der Ausstellung im Kunstmuseum Thun ,\u2013 CH, Hirmer Verlag, M\u00fcnchen 2024<\/p>\n<p><strong>Th\u00f6nnissen, Karin<\/strong> \u2013 Johannes Itten und die h\u00f6here Fachschule f\u00fcr textile Fl\u00e4chenkunst in Krefeld. Deutsches Textilmuseum, Ausst.Kat. inkl. div. Abb., Krefeld 1992<\/p>\n<p><strong>Tr\u00f6kes, Heinz<\/strong> \u2013 K\u00fcnstler-Monographie Heinz Tr\u00f6kes<br \/>\nWeltkunst &amp; Bruckmann (Ed. Kritisches Lexikon der Gegenwartskunst) M\u00fcnchen, 1993<\/p>\n<p><strong>Tr\u00f6kes<\/strong>\u00a0\u2013 Bilder, Zeichnungen, Collagen und Skizzenb\u00fccher 1938-1979, Katalog der Akademie der K\u00fcnste Berlin \/ Wilhelm-Lehmbruck-Museum Duisburg, Berlin 1979 (mit Beitr\u00e4gen von Janos Frecot, Julian Heynen, J\u00f6rn Merkert, Eberhard Roters, Siegfried Salzmann, Heinz Tr\u00f6kes)<\/p>\n<p><strong>Tr\u00f6kes, Heinz<\/strong> \u2013 Erkl\u00e4rung von Bildern; aus RIXES Nr.2; in: Cobra International &#8211; Momente einer Utopie. Ausst.Kat. Museum f\u00fcr Aktuelle Kunst, Hurrle; Durbach. S. 75-77. Verlag das Wunderhorn, Heidelberg, 2012[\/vc_column_text][\/vc_tab][vc_tab title=&#8221;U \u2013 Z&#8221; tab_id=&#8221;1548768481798-4-3&#8243;][vc_column_text uncode_shortcode_id=&#8221;754383&#8243;]<strong>Vogel, Ilse-Marie<\/strong> \u2013 \u00dcber Mut im Untergrund &#8211; Eine Erz\u00e4hlung von Freundschaft, Anstand und Widerstand im Berlin der Jahre 1943 \u2013 1945, Lukas Verlag, Berlin 2014<\/p>\n<p><strong>von Plato, Alexander; Leh, Almut<\/strong> &#8211; &#8220;Ein unglaublicher Fr\u00fchling&#8221;, Bundeszentrale f. pol. Bildung, Bonn 1997; Abb. Tafel III und Kapitel III<\/p>\n<p><strong>Wargin, Ben<\/strong> \u2013 Kunst in Berlin. 1945 bis heute, Stuttgart\/Berlin\/Z\u00fcrich 1969<\/p>\n<p><strong>Wetzel, Maria<\/strong> \u2013 Atelierbesuche IV. Professor Heinz Tr\u00f6kes, in: Diplomatischer Dienst, 11. Jg. 1962, H. 23, S. 859-866<\/p>\n<p><strong>Zahn, Leopold<\/strong> \u2013 Eine Geschichte der modernen Kunst &#8211; Malerei, Plastik, Architektur, Berlin 1958<\/p>\n<p><strong>Zuschlag, Christoph<\/strong> &#8211; Heinz Tr\u00f6kes, Heidelberg 2018<\/p>\n<p><strong>Zwirner, Rudolf<\/strong> \u2013 Ich wollte immer Gegenwart &#8211; Rudolf Zwirner Autobiographie &#8211; Aufgeschrieben von Nicola Kuhn, Wienand, K\u00f6ln 2019[\/vc_column_text][\/vc_tab][\/vc_tabs][\/vc_column][\/vc_row][\/vc_section]<\/p>\n<\/div>","protected":false},"excerpt":{"rendered":"<p>[vc_row unlock_row_content=&#8221;yes&#8221; row_height_percent=&#8221;0&#8243; override_padding=&#8221;yes&#8221; h_padding=&#8221;2&#8243; top_padding=&#8221;1&#8243; bottom_padding=&#8221;1&#8243; back_color=&#8221;color-xsdn&#8221; overlay_alpha=&#8221;50&#8243; gutter_size=&#8221;3&#8243; column_width_percent=&#8221;100&#8243; shift_y=&#8221;0&#8243; z_index=&#8221;0&#8243; medium_visibility=&#8221;yes&#8221; mobile_visibility=&#8221;yes&#8221; css=&#8221;.vc_custom_1539938347118{padding-top: 10px !important;padding-bottom: 10px !important;}&#8221;][vc_column [&hellip;]<\/p>\n","protected":false},"author":1,"featured_media":17526,"parent":18280,"menu_order":0,"comment_status":"closed","ping_status":"closed","template":"","meta":{"footnotes":""},"class_list":["post-17880","page","type-page","status-publish","has-post-thumbnail","hentry","page_category-heinz-troekes-en"],"yoast_head":"<!-- This site is optimized with the Yoast SEO plugin v27.3 - https:\/\/yoast.com\/product\/yoast-seo-wordpress\/ -->\n<title>Heinz Tr\u00f6kes - artist, painter, post-war - Bibliography<\/title>\n<meta name=\"description\" content=\"Heinz Tr\u00f6kes, (Troekes) \u2013 artist, painter, post-war - some books that contain informtions about Heinz Tr\u00f6kes - Bibliography\" \/>\n<meta name=\"robots\" content=\"index, follow, max-snippet:-1, max-image-preview:large, max-video-preview:-1\" \/>\n<link rel=\"canonical\" href=\"https:\/\/troekes.com\/en\/heinz-troekes\/bibliography\/\" \/>\n<meta property=\"og:locale\" content=\"en_US\" \/>\n<meta property=\"og:type\" content=\"article\" \/>\n<meta property=\"og:title\" content=\"Heinz Tr\u00f6kes - artist, painter, post-war - Bibliography\" \/>\n<meta property=\"og:description\" content=\"Heinz Tr\u00f6kes, (Troekes) \u2013 artist, painter, post-war - some books that contain informtions about Heinz Tr\u00f6kes - Bibliography\" \/>\n<meta property=\"og:url\" content=\"https:\/\/troekes.com\/en\/heinz-troekes\/bibliography\/\" \/>\n<meta property=\"og:site_name\" content=\"Heinz Tr\u00f6kes\" \/>\n<meta property=\"article:modified_time\" content=\"2025-12-18T11:57:16+00:00\" \/>\n<meta property=\"og:image\" content=\"https:\/\/troekes.com\/wp-content\/uploads\/2018\/06\/heinz-troekes-wvz-bibliographie.jpg\" \/>\n\t<meta property=\"og:image:width\" content=\"1920\" \/>\n\t<meta property=\"og:image:height\" content=\"800\" \/>\n\t<meta property=\"og:image:type\" content=\"image\/jpeg\" \/>\n<meta name=\"twitter:card\" content=\"summary_large_image\" \/>\n<meta name=\"twitter:label1\" content=\"Est. reading time\" \/>\n\t<meta name=\"twitter:data1\" content=\"8 minutes\" \/>\n<script type=\"application\/ld+json\" class=\"yoast-schema-graph\">{\"@context\":\"https:\\\/\\\/schema.org\",\"@graph\":[{\"@type\":\"WebPage\",\"@id\":\"https:\\\/\\\/troekes.com\\\/en\\\/heinz-troekes\\\/bibliography\\\/\",\"url\":\"https:\\\/\\\/troekes.com\\\/en\\\/heinz-troekes\\\/bibliography\\\/\",\"name\":\"Heinz Tr\u00f6kes - artist, painter, post-war - Bibliography\",\"isPartOf\":{\"@id\":\"https:\\\/\\\/troekes.com\\\/#website\"},\"primaryImageOfPage\":{\"@id\":\"https:\\\/\\\/troekes.com\\\/en\\\/heinz-troekes\\\/bibliography\\\/#primaryimage\"},\"image\":{\"@id\":\"https:\\\/\\\/troekes.com\\\/en\\\/heinz-troekes\\\/bibliography\\\/#primaryimage\"},\"thumbnailUrl\":\"https:\\\/\\\/troekes.com\\\/wp-content\\\/uploads\\\/2018\\\/06\\\/heinz-troekes-wvz-bibliographie.jpg\",\"datePublished\":\"2018-07-02T13:38:07+00:00\",\"dateModified\":\"2025-12-18T11:57:16+00:00\",\"description\":\"Heinz Tr\u00f6kes, (Troekes) \u2013 artist, painter, post-war - some books that contain informtions about Heinz Tr\u00f6kes - Bibliography\",\"breadcrumb\":{\"@id\":\"https:\\\/\\\/troekes.com\\\/en\\\/heinz-troekes\\\/bibliography\\\/#breadcrumb\"},\"inLanguage\":\"en-US\",\"potentialAction\":[{\"@type\":\"ReadAction\",\"target\":[\"https:\\\/\\\/troekes.com\\\/en\\\/heinz-troekes\\\/bibliography\\\/\"]}]},{\"@type\":\"ImageObject\",\"inLanguage\":\"en-US\",\"@id\":\"https:\\\/\\\/troekes.com\\\/en\\\/heinz-troekes\\\/bibliography\\\/#primaryimage\",\"url\":\"https:\\\/\\\/troekes.com\\\/wp-content\\\/uploads\\\/2018\\\/06\\\/heinz-troekes-wvz-bibliographie.jpg\",\"contentUrl\":\"https:\\\/\\\/troekes.com\\\/wp-content\\\/uploads\\\/2018\\\/06\\\/heinz-troekes-wvz-bibliographie.jpg\",\"width\":1920,\"height\":800},{\"@type\":\"BreadcrumbList\",\"@id\":\"https:\\\/\\\/troekes.com\\\/en\\\/heinz-troekes\\\/bibliography\\\/#breadcrumb\",\"itemListElement\":[{\"@type\":\"ListItem\",\"position\":1,\"name\":\"Startseite\",\"item\":\"https:\\\/\\\/troekes.com\\\/en\\\/\"},{\"@type\":\"ListItem\",\"position\":2,\"name\":\"Heinz Tr\u00f6kes\",\"item\":\"https:\\\/\\\/troekes.com\\\/en\\\/heinz-troekes\\\/\"},{\"@type\":\"ListItem\",\"position\":3,\"name\":\"Bibliography\"}]},{\"@type\":\"WebSite\",\"@id\":\"https:\\\/\\\/troekes.com\\\/#website\",\"url\":\"https:\\\/\\\/troekes.com\\\/\",\"name\":\"Heinz Tr\u00f6kes\",\"description\":\"Werkverzeichnis\",\"publisher\":{\"@id\":\"https:\\\/\\\/troekes.com\\\/#organization\"},\"potentialAction\":[{\"@type\":\"SearchAction\",\"target\":{\"@type\":\"EntryPoint\",\"urlTemplate\":\"https:\\\/\\\/troekes.com\\\/?s={search_term_string}\"},\"query-input\":{\"@type\":\"PropertyValueSpecification\",\"valueRequired\":true,\"valueName\":\"search_term_string\"}}],\"inLanguage\":\"en-US\"},{\"@type\":\"Organization\",\"@id\":\"https:\\\/\\\/troekes.com\\\/#organization\",\"name\":\"Tr\u00f6kes-Archiv\",\"url\":\"https:\\\/\\\/troekes.com\\\/\",\"logo\":{\"@type\":\"ImageObject\",\"inLanguage\":\"en-US\",\"@id\":\"https:\\\/\\\/troekes.com\\\/#\\\/schema\\\/logo\\\/image\\\/\",\"url\":\"https:\\\/\\\/troekes.com\\\/wp-content\\\/uploads\\\/2018\\\/06\\\/tr-logo-dark@2x.png\",\"contentUrl\":\"https:\\\/\\\/troekes.com\\\/wp-content\\\/uploads\\\/2018\\\/06\\\/tr-logo-dark@2x.png\",\"width\":803,\"height\":193,\"caption\":\"Tr\u00f6kes-Archiv\"},\"image\":{\"@id\":\"https:\\\/\\\/troekes.com\\\/#\\\/schema\\\/logo\\\/image\\\/\"}}]}<\/script>\n<!-- \/ Yoast SEO plugin. -->","yoast_head_json":{"title":"Heinz Tr\u00f6kes - artist, painter, post-war - Bibliography","description":"Heinz Tr\u00f6kes, (Troekes) \u2013 artist, painter, post-war - some books that contain informtions about Heinz Tr\u00f6kes - Bibliography","robots":{"index":"index","follow":"follow","max-snippet":"max-snippet:-1","max-image-preview":"max-image-preview:large","max-video-preview":"max-video-preview:-1"},"canonical":"https:\/\/troekes.com\/en\/heinz-troekes\/bibliography\/","og_locale":"en_US","og_type":"article","og_title":"Heinz Tr\u00f6kes - artist, painter, post-war - Bibliography","og_description":"Heinz Tr\u00f6kes, (Troekes) \u2013 artist, painter, post-war - some books that contain informtions about Heinz Tr\u00f6kes - Bibliography","og_url":"https:\/\/troekes.com\/en\/heinz-troekes\/bibliography\/","og_site_name":"Heinz Tr\u00f6kes","article_modified_time":"2025-12-18T11:57:16+00:00","og_image":[{"width":1920,"height":800,"url":"https:\/\/troekes.com\/wp-content\/uploads\/2018\/06\/heinz-troekes-wvz-bibliographie.jpg","type":"image\/jpeg"}],"twitter_card":"summary_large_image","twitter_misc":{"Est. reading time":"8 minutes"},"schema":{"@context":"https:\/\/schema.org","@graph":[{"@type":"WebPage","@id":"https:\/\/troekes.com\/en\/heinz-troekes\/bibliography\/","url":"https:\/\/troekes.com\/en\/heinz-troekes\/bibliography\/","name":"Heinz Tr\u00f6kes - artist, painter, post-war - Bibliography","isPartOf":{"@id":"https:\/\/troekes.com\/#website"},"primaryImageOfPage":{"@id":"https:\/\/troekes.com\/en\/heinz-troekes\/bibliography\/#primaryimage"},"image":{"@id":"https:\/\/troekes.com\/en\/heinz-troekes\/bibliography\/#primaryimage"},"thumbnailUrl":"https:\/\/troekes.com\/wp-content\/uploads\/2018\/06\/heinz-troekes-wvz-bibliographie.jpg","datePublished":"2018-07-02T13:38:07+00:00","dateModified":"2025-12-18T11:57:16+00:00","description":"Heinz Tr\u00f6kes, (Troekes) \u2013 artist, painter, post-war - some books that contain informtions about Heinz Tr\u00f6kes - Bibliography","breadcrumb":{"@id":"https:\/\/troekes.com\/en\/heinz-troekes\/bibliography\/#breadcrumb"},"inLanguage":"en-US","potentialAction":[{"@type":"ReadAction","target":["https:\/\/troekes.com\/en\/heinz-troekes\/bibliography\/"]}]},{"@type":"ImageObject","inLanguage":"en-US","@id":"https:\/\/troekes.com\/en\/heinz-troekes\/bibliography\/#primaryimage","url":"https:\/\/troekes.com\/wp-content\/uploads\/2018\/06\/heinz-troekes-wvz-bibliographie.jpg","contentUrl":"https:\/\/troekes.com\/wp-content\/uploads\/2018\/06\/heinz-troekes-wvz-bibliographie.jpg","width":1920,"height":800},{"@type":"BreadcrumbList","@id":"https:\/\/troekes.com\/en\/heinz-troekes\/bibliography\/#breadcrumb","itemListElement":[{"@type":"ListItem","position":1,"name":"Startseite","item":"https:\/\/troekes.com\/en\/"},{"@type":"ListItem","position":2,"name":"Heinz Tr\u00f6kes","item":"https:\/\/troekes.com\/en\/heinz-troekes\/"},{"@type":"ListItem","position":3,"name":"Bibliography"}]},{"@type":"WebSite","@id":"https:\/\/troekes.com\/#website","url":"https:\/\/troekes.com\/","name":"Heinz Tr\u00f6kes","description":"Werkverzeichnis","publisher":{"@id":"https:\/\/troekes.com\/#organization"},"potentialAction":[{"@type":"SearchAction","target":{"@type":"EntryPoint","urlTemplate":"https:\/\/troekes.com\/?s={search_term_string}"},"query-input":{"@type":"PropertyValueSpecification","valueRequired":true,"valueName":"search_term_string"}}],"inLanguage":"en-US"},{"@type":"Organization","@id":"https:\/\/troekes.com\/#organization","name":"Tr\u00f6kes-Archiv","url":"https:\/\/troekes.com\/","logo":{"@type":"ImageObject","inLanguage":"en-US","@id":"https:\/\/troekes.com\/#\/schema\/logo\/image\/","url":"https:\/\/troekes.com\/wp-content\/uploads\/2018\/06\/tr-logo-dark@2x.png","contentUrl":"https:\/\/troekes.com\/wp-content\/uploads\/2018\/06\/tr-logo-dark@2x.png","width":803,"height":193,"caption":"Tr\u00f6kes-Archiv"},"image":{"@id":"https:\/\/troekes.com\/#\/schema\/logo\/image\/"}}]}},"_links":{"self":[{"href":"https:\/\/troekes.com\/en\/wp-json\/wp\/v2\/pages\/17880","targetHints":{"allow":["GET"]}}],"collection":[{"href":"https:\/\/troekes.com\/en\/wp-json\/wp\/v2\/pages"}],"about":[{"href":"https:\/\/troekes.com\/en\/wp-json\/wp\/v2\/types\/page"}],"author":[{"embeddable":true,"href":"https:\/\/troekes.com\/en\/wp-json\/wp\/v2\/users\/1"}],"replies":[{"embeddable":true,"href":"https:\/\/troekes.com\/en\/wp-json\/wp\/v2\/comments?post=17880"}],"version-history":[{"count":10,"href":"https:\/\/troekes.com\/en\/wp-json\/wp\/v2\/pages\/17880\/revisions"}],"predecessor-version":[{"id":43330,"href":"https:\/\/troekes.com\/en\/wp-json\/wp\/v2\/pages\/17880\/revisions\/43330"}],"up":[{"embeddable":true,"href":"https:\/\/troekes.com\/en\/wp-json\/wp\/v2\/pages\/18280"}],"wp:featuredmedia":[{"embeddable":true,"href":"https:\/\/troekes.com\/en\/wp-json\/wp\/v2\/media\/17526"}],"wp:attachment":[{"href":"https:\/\/troekes.com\/en\/wp-json\/wp\/v2\/media?parent=17880"}],"curies":[{"name":"wp","href":"https:\/\/api.w.org\/{rel}","templated":true}]}}