{"id":17865,"date":"2018-09-11T15:36:44","date_gmt":"2018-09-11T13:36:44","guid":{"rendered":"https:\/\/troekes.com\/heinz-troekes-en\/aktuelles\/"},"modified":"2020-01-10T18:39:26","modified_gmt":"2020-01-10T17:39:26","slug":"news","status":"publish","type":"page","link":"https:\/\/troekes.com\/en\/heinz-troekes\/news\/","title":{"rendered":"News"},"content":{"rendered":"<div class=\"wpb-content-wrapper\"><p>[vc_row unlock_row_content=&#8221;yes&#8221; row_height_percent=&#8221;0&#8243; override_padding=&#8221;yes&#8221; h_padding=&#8221;2&#8243; top_padding=&#8221;1&#8243; bottom_padding=&#8221;1&#8243; back_color=&#8221;color-xsdn&#8221; overlay_alpha=&#8221;50&#8243; gutter_size=&#8221;3&#8243; column_width_percent=&#8221;100&#8243; medium_visibility=&#8221;yes&#8221; mobile_visibility=&#8221;yes&#8221; shift_y=&#8221;0&#8243; z_index=&#8221;0&#8243; css=&#8221;.vc_custom_1539938299335{padding-top: 10px !important;padding-bottom: 10px !important;}&#8221;][vc_column column_width_percent=&#8221;100&#8243; align_horizontal=&#8221;align_right&#8221; overlay_alpha=&#8221;50&#8243; gutter_size=&#8221;3&#8243; medium_width=&#8221;0&#8243; mobile_width=&#8221;0&#8243; shift_x=&#8221;0&#8243; shift_y=&#8221;0&#8243; shift_y_down=&#8221;0&#8243; z_index=&#8221;0&#8243; width=&#8221;1\/1&#8243;][vc_wp_custommenu nav_menu=&#8221;336&#8243; nav_menu_horizontal=&#8221;1&#8243;][\/vc_column][\/vc_row][vc_row row_height_percent=&#8221;0&#8243; override_padding=&#8221;yes&#8221; h_padding=&#8221;4&#8243; top_padding=&#8221;2&#8243; bottom_padding=&#8221;3&#8243; overlay_alpha=&#8221;50&#8243; gutter_size=&#8221;4&#8243; column_width_percent=&#8221;100&#8243; shift_y=&#8221;0&#8243; z_index=&#8221;0&#8243;][vc_column column_width_percent=&#8221;100&#8243; align_horizontal=&#8221;align_center&#8221; overlay_alpha=&#8221;50&#8243; gutter_size=&#8221;3&#8243; medium_width=&#8221;0&#8243; mobile_width=&#8221;0&#8243; shift_x=&#8221;0&#8243; shift_y=&#8221;0&#8243; shift_y_down=&#8221;0&#8243; z_index=&#8221;0&#8243; width=&#8221;1\/1&#8243;][uncode_index el_id=&#8221;index-760055&#8243; isotope_mode=&#8221;fitRows&#8221; loop=&#8221;size:All|order_by:date|order:DESC|post_type:post&#8221; gutter_size=&#8221;3&#8243; post_items=&#8221;media|featured|lightbox|original,title,text|full&#8221; screen_lg=&#8221;1000&#8243; screen_md=&#8221;600&#8243; screen_sm=&#8221;480&#8243; single_text=&#8221;lateral&#8221; single_width=&#8221;12&#8243; images_size=&#8221;four-three&#8221; single_image_size=&#8221;4&#8243; single_back_color=&#8221;color-xsdn&#8221; single_overlay_opacity=&#8221;1&#8243; single_text_anim=&#8221;no&#8221; single_overlay_visible=&#8221;yes&#8221; single_overlay_anim=&#8221;no&#8221; single_image_anim=&#8221;no&#8221; single_padding=&#8221;1&#8243; lbox_skin=&#8221;white&#8221; items=&#8221;eyIxMTIzOV9pIjp7ImltYWdlc19zaXplIjoiIn19&#8243;][\/vc_column][\/vc_row]<\/p>\n<\/div>","protected":false},"excerpt":{"rendered":"<p>[vc_row unlock_row_content=&#8221;yes&#8221; row_height_percent=&#8221;0&#8243; override_padding=&#8221;yes&#8221; h_padding=&#8221;2&#8243; top_padding=&#8221;1&#8243; bottom_padding=&#8221;1&#8243; back_color=&#8221;color-xsdn&#8221; overlay_alpha=&#8221;50&#8243; gutter_size=&#8221;3&#8243; column_width_percent=&#8221;100&#8243; medium_visibility=&#8221;yes&#8221; mobile_visibility=&#8221;yes&#8221; shift_y=&#8221;0&#8243; z_index=&#8221;0&#8243; css=&#8221;.vc_custom_1539938299335{padding-top: 10px !important;padding-bottom: 10px !important;}&#8221;][vc_column [&hellip;]<\/p>\n","protected":false},"author":1,"featured_media":17752,"parent":18280,"menu_order":0,"comment_status":"closed","ping_status":"closed","template":"","meta":{"footnotes":""},"class_list":["post-17865","page","type-page","status-publish","has-post-thumbnail","hentry","page_category-heinz-troekes-en"],"yoast_head":"<!-- This site is optimized with the Yoast SEO plugin v27.3 - https:\/\/yoast.com\/product\/yoast-seo-wordpress\/ -->\n<title>Heinz Tr\u00f6kes, Troekes (Trokes) - News about the artist and the archive<\/title>\n<meta name=\"description\" content=\"Heinz Tr\u00f6kes, Troekes (Trokes) News about the post-war artist Heinz Tr\u00f6kes and the Tr\u00f6kes-Archive, Berlin (Catalogue raisonn\u00e9)\" \/>\n<meta name=\"robots\" content=\"index, follow, max-snippet:-1, max-image-preview:large, max-video-preview:-1\" \/>\n<link rel=\"canonical\" href=\"https:\/\/troekes.com\/en\/heinz-troekes\/news\/\" \/>\n<meta property=\"og:locale\" content=\"en_US\" \/>\n<meta property=\"og:type\" content=\"article\" \/>\n<meta property=\"og:title\" content=\"Heinz Tr\u00f6kes, Troekes (Trokes) - News about the artist and the archive\" \/>\n<meta property=\"og:description\" content=\"Heinz Tr\u00f6kes, Troekes (Trokes) News about the post-war artist Heinz Tr\u00f6kes and the Tr\u00f6kes-Archive, Berlin (Catalogue raisonn\u00e9)\" \/>\n<meta property=\"og:url\" content=\"https:\/\/troekes.com\/en\/heinz-troekes\/news\/\" \/>\n<meta property=\"og:site_name\" content=\"Heinz Tr\u00f6kes\" \/>\n<meta property=\"article:modified_time\" content=\"2020-01-10T17:39:26+00:00\" \/>\n<meta property=\"og:image\" content=\"https:\/\/troekes.com\/wp-content\/uploads\/2018\/06\/header-aktuelles.jpg\" \/>\n\t<meta property=\"og:image:width\" content=\"1920\" \/>\n\t<meta property=\"og:image:height\" content=\"655\" \/>\n\t<meta property=\"og:image:type\" content=\"image\/jpeg\" \/>\n<meta name=\"twitter:card\" content=\"summary_large_image\" \/>\n<meta name=\"twitter:label1\" content=\"Est. reading time\" \/>\n\t<meta name=\"twitter:data1\" content=\"1 minute\" \/>\n<script type=\"application\/ld+json\" class=\"yoast-schema-graph\">{\"@context\":\"https:\\\/\\\/schema.org\",\"@graph\":[{\"@type\":\"WebPage\",\"@id\":\"https:\\\/\\\/troekes.com\\\/en\\\/heinz-troekes\\\/news\\\/\",\"url\":\"https:\\\/\\\/troekes.com\\\/en\\\/heinz-troekes\\\/news\\\/\",\"name\":\"Heinz Tr\u00f6kes, Troekes (Trokes) - News about the artist and the archive\",\"isPartOf\":{\"@id\":\"https:\\\/\\\/troekes.com\\\/#website\"},\"primaryImageOfPage\":{\"@id\":\"https:\\\/\\\/troekes.com\\\/en\\\/heinz-troekes\\\/news\\\/#primaryimage\"},\"image\":{\"@id\":\"https:\\\/\\\/troekes.com\\\/en\\\/heinz-troekes\\\/news\\\/#primaryimage\"},\"thumbnailUrl\":\"https:\\\/\\\/troekes.com\\\/wp-content\\\/uploads\\\/2018\\\/06\\\/header-aktuelles.jpg\",\"datePublished\":\"2018-09-11T13:36:44+00:00\",\"dateModified\":\"2020-01-10T17:39:26+00:00\",\"description\":\"Heinz Tr\u00f6kes, Troekes (Trokes) News about the post-war artist Heinz Tr\u00f6kes and the Tr\u00f6kes-Archive, Berlin (Catalogue raisonn\u00e9)\",\"breadcrumb\":{\"@id\":\"https:\\\/\\\/troekes.com\\\/en\\\/heinz-troekes\\\/news\\\/#breadcrumb\"},\"inLanguage\":\"en-US\",\"potentialAction\":[{\"@type\":\"ReadAction\",\"target\":[\"https:\\\/\\\/troekes.com\\\/en\\\/heinz-troekes\\\/news\\\/\"]}]},{\"@type\":\"ImageObject\",\"inLanguage\":\"en-US\",\"@id\":\"https:\\\/\\\/troekes.com\\\/en\\\/heinz-troekes\\\/news\\\/#primaryimage\",\"url\":\"https:\\\/\\\/troekes.com\\\/wp-content\\\/uploads\\\/2018\\\/06\\\/header-aktuelles.jpg\",\"contentUrl\":\"https:\\\/\\\/troekes.com\\\/wp-content\\\/uploads\\\/2018\\\/06\\\/header-aktuelles.jpg\",\"width\":1920,\"height\":655,\"caption\":\"Heinz Tr\u00f6kes News\"},{\"@type\":\"BreadcrumbList\",\"@id\":\"https:\\\/\\\/troekes.com\\\/en\\\/heinz-troekes\\\/news\\\/#breadcrumb\",\"itemListElement\":[{\"@type\":\"ListItem\",\"position\":1,\"name\":\"Startseite\",\"item\":\"https:\\\/\\\/troekes.com\\\/en\\\/\"},{\"@type\":\"ListItem\",\"position\":2,\"name\":\"Heinz Tr\u00f6kes\",\"item\":\"https:\\\/\\\/troekes.com\\\/en\\\/heinz-troekes\\\/\"},{\"@type\":\"ListItem\",\"position\":3,\"name\":\"News\"}]},{\"@type\":\"WebSite\",\"@id\":\"https:\\\/\\\/troekes.com\\\/#website\",\"url\":\"https:\\\/\\\/troekes.com\\\/\",\"name\":\"Heinz Tr\u00f6kes\",\"description\":\"Werkverzeichnis\",\"publisher\":{\"@id\":\"https:\\\/\\\/troekes.com\\\/#organization\"},\"potentialAction\":[{\"@type\":\"SearchAction\",\"target\":{\"@type\":\"EntryPoint\",\"urlTemplate\":\"https:\\\/\\\/troekes.com\\\/?s={search_term_string}\"},\"query-input\":{\"@type\":\"PropertyValueSpecification\",\"valueRequired\":true,\"valueName\":\"search_term_string\"}}],\"inLanguage\":\"en-US\"},{\"@type\":\"Organization\",\"@id\":\"https:\\\/\\\/troekes.com\\\/#organization\",\"name\":\"Tr\u00f6kes-Archiv\",\"url\":\"https:\\\/\\\/troekes.com\\\/\",\"logo\":{\"@type\":\"ImageObject\",\"inLanguage\":\"en-US\",\"@id\":\"https:\\\/\\\/troekes.com\\\/#\\\/schema\\\/logo\\\/image\\\/\",\"url\":\"https:\\\/\\\/troekes.com\\\/wp-content\\\/uploads\\\/2018\\\/06\\\/tr-logo-dark@2x.png\",\"contentUrl\":\"https:\\\/\\\/troekes.com\\\/wp-content\\\/uploads\\\/2018\\\/06\\\/tr-logo-dark@2x.png\",\"width\":803,\"height\":193,\"caption\":\"Tr\u00f6kes-Archiv\"},\"image\":{\"@id\":\"https:\\\/\\\/troekes.com\\\/#\\\/schema\\\/logo\\\/image\\\/\"}}]}<\/script>\n<!-- \/ Yoast SEO plugin. -->","yoast_head_json":{"title":"Heinz Tr\u00f6kes, Troekes (Trokes) - News about the artist and the archive","description":"Heinz Tr\u00f6kes, Troekes (Trokes) News about the post-war artist Heinz Tr\u00f6kes and the Tr\u00f6kes-Archive, Berlin (Catalogue raisonn\u00e9)","robots":{"index":"index","follow":"follow","max-snippet":"max-snippet:-1","max-image-preview":"max-image-preview:large","max-video-preview":"max-video-preview:-1"},"canonical":"https:\/\/troekes.com\/en\/heinz-troekes\/news\/","og_locale":"en_US","og_type":"article","og_title":"Heinz Tr\u00f6kes, Troekes (Trokes) - News about the artist and the archive","og_description":"Heinz Tr\u00f6kes, Troekes (Trokes) News about the post-war artist Heinz Tr\u00f6kes and the Tr\u00f6kes-Archive, Berlin (Catalogue raisonn\u00e9)","og_url":"https:\/\/troekes.com\/en\/heinz-troekes\/news\/","og_site_name":"Heinz Tr\u00f6kes","article_modified_time":"2020-01-10T17:39:26+00:00","og_image":[{"width":1920,"height":655,"url":"https:\/\/troekes.com\/wp-content\/uploads\/2018\/06\/header-aktuelles.jpg","type":"image\/jpeg"}],"twitter_card":"summary_large_image","twitter_misc":{"Est. reading time":"1 minute"},"schema":{"@context":"https:\/\/schema.org","@graph":[{"@type":"WebPage","@id":"https:\/\/troekes.com\/en\/heinz-troekes\/news\/","url":"https:\/\/troekes.com\/en\/heinz-troekes\/news\/","name":"Heinz Tr\u00f6kes, Troekes (Trokes) - News about the artist and the archive","isPartOf":{"@id":"https:\/\/troekes.com\/#website"},"primaryImageOfPage":{"@id":"https:\/\/troekes.com\/en\/heinz-troekes\/news\/#primaryimage"},"image":{"@id":"https:\/\/troekes.com\/en\/heinz-troekes\/news\/#primaryimage"},"thumbnailUrl":"https:\/\/troekes.com\/wp-content\/uploads\/2018\/06\/header-aktuelles.jpg","datePublished":"2018-09-11T13:36:44+00:00","dateModified":"2020-01-10T17:39:26+00:00","description":"Heinz Tr\u00f6kes, Troekes (Trokes) News about the post-war artist Heinz Tr\u00f6kes and the Tr\u00f6kes-Archive, Berlin (Catalogue raisonn\u00e9)","breadcrumb":{"@id":"https:\/\/troekes.com\/en\/heinz-troekes\/news\/#breadcrumb"},"inLanguage":"en-US","potentialAction":[{"@type":"ReadAction","target":["https:\/\/troekes.com\/en\/heinz-troekes\/news\/"]}]},{"@type":"ImageObject","inLanguage":"en-US","@id":"https:\/\/troekes.com\/en\/heinz-troekes\/news\/#primaryimage","url":"https:\/\/troekes.com\/wp-content\/uploads\/2018\/06\/header-aktuelles.jpg","contentUrl":"https:\/\/troekes.com\/wp-content\/uploads\/2018\/06\/header-aktuelles.jpg","width":1920,"height":655,"caption":"Heinz Tr\u00f6kes News"},{"@type":"BreadcrumbList","@id":"https:\/\/troekes.com\/en\/heinz-troekes\/news\/#breadcrumb","itemListElement":[{"@type":"ListItem","position":1,"name":"Startseite","item":"https:\/\/troekes.com\/en\/"},{"@type":"ListItem","position":2,"name":"Heinz Tr\u00f6kes","item":"https:\/\/troekes.com\/en\/heinz-troekes\/"},{"@type":"ListItem","position":3,"name":"News"}]},{"@type":"WebSite","@id":"https:\/\/troekes.com\/#website","url":"https:\/\/troekes.com\/","name":"Heinz Tr\u00f6kes","description":"Werkverzeichnis","publisher":{"@id":"https:\/\/troekes.com\/#organization"},"potentialAction":[{"@type":"SearchAction","target":{"@type":"EntryPoint","urlTemplate":"https:\/\/troekes.com\/?s={search_term_string}"},"query-input":{"@type":"PropertyValueSpecification","valueRequired":true,"valueName":"search_term_string"}}],"inLanguage":"en-US"},{"@type":"Organization","@id":"https:\/\/troekes.com\/#organization","name":"Tr\u00f6kes-Archiv","url":"https:\/\/troekes.com\/","logo":{"@type":"ImageObject","inLanguage":"en-US","@id":"https:\/\/troekes.com\/#\/schema\/logo\/image\/","url":"https:\/\/troekes.com\/wp-content\/uploads\/2018\/06\/tr-logo-dark@2x.png","contentUrl":"https:\/\/troekes.com\/wp-content\/uploads\/2018\/06\/tr-logo-dark@2x.png","width":803,"height":193,"caption":"Tr\u00f6kes-Archiv"},"image":{"@id":"https:\/\/troekes.com\/#\/schema\/logo\/image\/"}}]}},"_links":{"self":[{"href":"https:\/\/troekes.com\/en\/wp-json\/wp\/v2\/pages\/17865","targetHints":{"allow":["GET"]}}],"collection":[{"href":"https:\/\/troekes.com\/en\/wp-json\/wp\/v2\/pages"}],"about":[{"href":"https:\/\/troekes.com\/en\/wp-json\/wp\/v2\/types\/page"}],"author":[{"embeddable":true,"href":"https:\/\/troekes.com\/en\/wp-json\/wp\/v2\/users\/1"}],"replies":[{"embeddable":true,"href":"https:\/\/troekes.com\/en\/wp-json\/wp\/v2\/comments?post=17865"}],"version-history":[{"count":0,"href":"https:\/\/troekes.com\/en\/wp-json\/wp\/v2\/pages\/17865\/revisions"}],"up":[{"embeddable":true,"href":"https:\/\/troekes.com\/en\/wp-json\/wp\/v2\/pages\/18280"}],"wp:featuredmedia":[{"embeddable":true,"href":"https:\/\/troekes.com\/en\/wp-json\/wp\/v2\/media\/17752"}],"wp:attachment":[{"href":"https:\/\/troekes.com\/en\/wp-json\/wp\/v2\/media?parent=17865"}],"curies":[{"name":"wp","href":"https:\/\/api.w.org\/{rel}","templated":true}]}}